{"id":2184,"date":"2026-02-23T12:46:56","date_gmt":"2026-02-23T17:46:56","guid":{"rendered":"https:\/\/mnmsports.com\/?post_type=product&#038;p=2184"},"modified":"2026-02-23T13:16:54","modified_gmt":"2026-02-23T18:16:54","slug":"serviette-rafraichissante","status":"publish","type":"product","link":"https:\/\/mnmsports.com\/fr\/produit\/serviette-rafraichissante\/","title":{"rendered":"Serviette rafraichissante"},"content":{"rendered":"","protected":false},"excerpt":{"rendered":"<p>Notre serviette rafra\u00eechissante enti\u00e8rement personnalisable est confectionn\u00e9e avec un tissu rafra\u00eechissant imprim\u00e9 par sublimation sur une face. Lorsqu&rsquo;elle est secou\u00e9e, elle devient fra\u00eeche et donc id\u00e9ale pour \u00eatre pos\u00e9e sur les \u00e9paules ou autour du cou.<\/p>\n","protected":false},"featured_media":2185,"template":"","meta":[],"product_brand":[],"product_cat":[51],"product_tag":[98],"class_list":{"0":"post-2184","1":"product","2":"type-product","3":"status-publish","4":"has-post-thumbnail","6":"product_cat-accessoires","7":"product_tag-accessoires","9":"first","10":"instock","11":"sold-individually","12":"shipping-taxable","13":"purchasable","14":"product-type-simple"},"_links":{"self":[{"href":"https:\/\/mnmsports.com\/fr\/wp-json\/wp\/v2\/product\/2184","targetHints":{"allow":["GET"]}}],"collection":[{"href":"https:\/\/mnmsports.com\/fr\/wp-json\/wp\/v2\/product"}],"about":[{"href":"https:\/\/mnmsports.com\/fr\/wp-json\/wp\/v2\/types\/product"}],"wp:featuredmedia":[{"embeddable":true,"href":"https:\/\/mnmsports.com\/fr\/wp-json\/wp\/v2\/media\/2185"}],"wp:attachment":[{"href":"https:\/\/mnmsports.com\/fr\/wp-json\/wp\/v2\/media?parent=2184"}],"wp:term":[{"taxonomy":"product_brand","embeddable":true,"href":"https:\/\/mnmsports.com\/fr\/wp-json\/wp\/v2\/product_brand?post=2184"},{"taxonomy":"product_cat","embeddable":true,"href":"https:\/\/mnmsports.com\/fr\/wp-json\/wp\/v2\/product_cat?post=2184"},{"taxonomy":"product_tag","embeddable":true,"href":"https:\/\/mnmsports.com\/fr\/wp-json\/wp\/v2\/product_tag?post=2184"}],"curies":[{"name":"wp","href":"https:\/\/api.w.org\/{rel}","templated":true}]}}