{"id":1517,"date":"2025-03-17T06:28:30","date_gmt":"2025-03-17T10:28:30","guid":{"rendered":"https:\/\/mnmsports.com\/product\/chandail-multisports-pour-homme\/"},"modified":"2025-10-08T13:17:22","modified_gmt":"2025-10-08T17:17:22","slug":"chandail-multisports-pour-homme","status":"publish","type":"product","link":"https:\/\/mnmsports.com\/fr\/produit\/chandail-multisports-pour-homme\/","title":{"rendered":"Chandail multisports pour homme"},"content":{"rendered":"","protected":false},"excerpt":{"rendered":"<p>Ce chandail multisport polyvalent est parfait pour toutes les activit\u00e9s. Il offre des styles personnalisables et des impressions durables, r\u00e9sistantes \u00e0 la d\u00e9coloration. Fabriqu\u00e9 avec un tissu respirant de haute qualit\u00e9, il assure un confort sup\u00e9rieur et une performance durable. <\/p>\n","protected":false},"featured_media":1566,"template":"","meta":[],"product_brand":[],"product_cat":[53],"product_tag":[80],"class_list":{"0":"post-1517","1":"product","2":"type-product","3":"status-publish","4":"has-post-thumbnail","6":"product_cat-vetements-multisports","7":"product_tag-chandails","9":"first","10":"instock","11":"sold-individually","12":"shipping-taxable","13":"purchasable","14":"product-type-simple"},"_links":{"self":[{"href":"https:\/\/mnmsports.com\/fr\/wp-json\/wp\/v2\/product\/1517","targetHints":{"allow":["GET"]}}],"collection":[{"href":"https:\/\/mnmsports.com\/fr\/wp-json\/wp\/v2\/product"}],"about":[{"href":"https:\/\/mnmsports.com\/fr\/wp-json\/wp\/v2\/types\/product"}],"wp:featuredmedia":[{"embeddable":true,"href":"https:\/\/mnmsports.com\/fr\/wp-json\/wp\/v2\/media\/1566"}],"wp:attachment":[{"href":"https:\/\/mnmsports.com\/fr\/wp-json\/wp\/v2\/media?parent=1517"}],"wp:term":[{"taxonomy":"product_brand","embeddable":true,"href":"https:\/\/mnmsports.com\/fr\/wp-json\/wp\/v2\/product_brand?post=1517"},{"taxonomy":"product_cat","embeddable":true,"href":"https:\/\/mnmsports.com\/fr\/wp-json\/wp\/v2\/product_cat?post=1517"},{"taxonomy":"product_tag","embeddable":true,"href":"https:\/\/mnmsports.com\/fr\/wp-json\/wp\/v2\/product_tag?post=1517"}],"curies":[{"name":"wp","href":"https:\/\/api.w.org\/{rel}","templated":true}]}}