{"id":1516,"date":"2025-03-17T06:28:31","date_gmt":"2025-03-17T10:28:31","guid":{"rendered":"https:\/\/mnmsports.com\/product\/chandail-de-hockey\/"},"modified":"2025-10-20T11:45:12","modified_gmt":"2025-10-20T15:45:12","slug":"chandail-de-hockey","status":"publish","type":"product","link":"https:\/\/mnmsports.com\/fr\/produit\/chandail-de-hockey\/","title":{"rendered":"Chandail de hockey"},"content":{"rendered":"","protected":false},"excerpt":{"rendered":"<p>Ce chandail de hockey est offert en deux versions : la version Supr\u00eame, qui comprend des \u00e9paules et coudes doubl\u00e9s, des coutures renforc\u00e9es sur les c\u00f4t\u00e9s et sous les manches, ainsi qu\u2019un col RIb surpiqu\u00e9 pour plus de durabilit\u00e9 et de confort. La version Pro offre toutes les caract\u00e9ristiques du mod\u00e8le Supr\u00eame, en plus de coutures renforc\u00e9es sur l\u2019ensemble du chandail et d\u2019une attache de maintien pour un ajustement encore plus s\u00e9curitaire. <\/p>\n","protected":false},"featured_media":1604,"template":"","meta":[],"product_brand":[],"product_cat":[57,59,61],"product_tag":[80],"class_list":{"0":"post-1516","1":"product","2":"type-product","3":"status-publish","4":"has-post-thumbnail","6":"product_cat-ballon-balai","7":"product_cat-hockey-fr","8":"product_cat-ringuette","9":"product_tag-chandails","11":"first","12":"instock","13":"sold-individually","14":"shipping-taxable","15":"purchasable","16":"product-type-simple"},"_links":{"self":[{"href":"https:\/\/mnmsports.com\/fr\/wp-json\/wp\/v2\/product\/1516","targetHints":{"allow":["GET"]}}],"collection":[{"href":"https:\/\/mnmsports.com\/fr\/wp-json\/wp\/v2\/product"}],"about":[{"href":"https:\/\/mnmsports.com\/fr\/wp-json\/wp\/v2\/types\/product"}],"wp:featuredmedia":[{"embeddable":true,"href":"https:\/\/mnmsports.com\/fr\/wp-json\/wp\/v2\/media\/1604"}],"wp:attachment":[{"href":"https:\/\/mnmsports.com\/fr\/wp-json\/wp\/v2\/media?parent=1516"}],"wp:term":[{"taxonomy":"product_brand","embeddable":true,"href":"https:\/\/mnmsports.com\/fr\/wp-json\/wp\/v2\/product_brand?post=1516"},{"taxonomy":"product_cat","embeddable":true,"href":"https:\/\/mnmsports.com\/fr\/wp-json\/wp\/v2\/product_cat?post=1516"},{"taxonomy":"product_tag","embeddable":true,"href":"https:\/\/mnmsports.com\/fr\/wp-json\/wp\/v2\/product_tag?post=1516"}],"curies":[{"name":"wp","href":"https:\/\/api.w.org\/{rel}","templated":true}]}}