{"id":1515,"date":"2025-03-17T06:28:31","date_gmt":"2025-03-17T10:28:31","guid":{"rendered":"https:\/\/mnmsports.com\/product\/bas-sublimes-pour-le-dek\/"},"modified":"2025-10-08T15:00:06","modified_gmt":"2025-10-08T19:00:06","slug":"bas-sublimes-pour-le-dek","status":"publish","type":"product","link":"https:\/\/mnmsports.com\/fr\/produit\/bas-sublimes-pour-le-dek\/","title":{"rendered":"Bas sublim\u00e9s pour le dek"},"content":{"rendered":"","protected":false},"excerpt":{"rendered":"<p>Les bas sublim\u00e9s pour le dek offrent un confort et une durabilit\u00e9 sup\u00e9rieurs. Con\u00e7us pour la performance, ils assurent un ajustement fiable pour tous vos besoins sportifs. <\/p>\n","protected":false},"featured_media":1679,"template":"","meta":[],"product_brand":[],"product_cat":[58],"product_tag":[89],"class_list":{"0":"post-1515","1":"product","2":"type-product","3":"status-publish","4":"has-post-thumbnail","6":"product_cat-dek-fr","7":"product_tag-bas","9":"first","10":"instock","11":"sold-individually","12":"shipping-taxable","13":"purchasable","14":"product-type-simple"},"_links":{"self":[{"href":"https:\/\/mnmsports.com\/fr\/wp-json\/wp\/v2\/product\/1515","targetHints":{"allow":["GET"]}}],"collection":[{"href":"https:\/\/mnmsports.com\/fr\/wp-json\/wp\/v2\/product"}],"about":[{"href":"https:\/\/mnmsports.com\/fr\/wp-json\/wp\/v2\/types\/product"}],"wp:featuredmedia":[{"embeddable":true,"href":"https:\/\/mnmsports.com\/fr\/wp-json\/wp\/v2\/media\/1679"}],"wp:attachment":[{"href":"https:\/\/mnmsports.com\/fr\/wp-json\/wp\/v2\/media?parent=1515"}],"wp:term":[{"taxonomy":"product_brand","embeddable":true,"href":"https:\/\/mnmsports.com\/fr\/wp-json\/wp\/v2\/product_brand?post=1515"},{"taxonomy":"product_cat","embeddable":true,"href":"https:\/\/mnmsports.com\/fr\/wp-json\/wp\/v2\/product_cat?post=1515"},{"taxonomy":"product_tag","embeddable":true,"href":"https:\/\/mnmsports.com\/fr\/wp-json\/wp\/v2\/product_tag?post=1515"}],"curies":[{"name":"wp","href":"https:\/\/api.w.org\/{rel}","templated":true}]}}