{"id":1514,"date":"2025-03-17T06:28:31","date_gmt":"2025-03-17T10:28:31","guid":{"rendered":"https:\/\/mnmsports.com\/product\/chandail-de-gardien-de-dek\/"},"modified":"2025-10-08T13:22:45","modified_gmt":"2025-10-08T17:22:45","slug":"chandail-de-gardien-de-dek","status":"publish","type":"product","link":"https:\/\/mnmsports.com\/fr\/produit\/chandail-de-gardien-de-dek\/","title":{"rendered":"Chandail de gardien de dek"},"content":{"rendered":"","protected":false},"excerpt":{"rendered":"<p>Le chandail de gardien de dek est con\u00e7u pour offrir durabilit\u00e9 et confort gr\u00e2ce \u00e0 ses \u00e9paules et coudes doubl\u00e9s et renforc\u00e9s. Dot\u00e9 d\u2019un col en tricot c\u00f4tel\u00e9 surpiqu\u00e9, il assure un ajustement s\u00e9curitaire et flexible pour r\u00e9sister au jeu intense. <\/p>\n","protected":false},"featured_media":1606,"template":"","meta":[],"product_brand":[],"product_cat":[58],"product_tag":[80],"class_list":{"0":"post-1514","1":"product","2":"type-product","3":"status-publish","4":"has-post-thumbnail","6":"product_cat-dek-fr","7":"product_tag-chandails","9":"first","10":"instock","11":"sold-individually","12":"shipping-taxable","13":"purchasable","14":"product-type-simple"},"_links":{"self":[{"href":"https:\/\/mnmsports.com\/fr\/wp-json\/wp\/v2\/product\/1514","targetHints":{"allow":["GET"]}}],"collection":[{"href":"https:\/\/mnmsports.com\/fr\/wp-json\/wp\/v2\/product"}],"about":[{"href":"https:\/\/mnmsports.com\/fr\/wp-json\/wp\/v2\/types\/product"}],"wp:featuredmedia":[{"embeddable":true,"href":"https:\/\/mnmsports.com\/fr\/wp-json\/wp\/v2\/media\/1606"}],"wp:attachment":[{"href":"https:\/\/mnmsports.com\/fr\/wp-json\/wp\/v2\/media?parent=1514"}],"wp:term":[{"taxonomy":"product_brand","embeddable":true,"href":"https:\/\/mnmsports.com\/fr\/wp-json\/wp\/v2\/product_brand?post=1514"},{"taxonomy":"product_cat","embeddable":true,"href":"https:\/\/mnmsports.com\/fr\/wp-json\/wp\/v2\/product_cat?post=1514"},{"taxonomy":"product_tag","embeddable":true,"href":"https:\/\/mnmsports.com\/fr\/wp-json\/wp\/v2\/product_tag?post=1514"}],"curies":[{"name":"wp","href":"https:\/\/api.w.org\/{rel}","templated":true}]}}