{"id":1512,"date":"2025-03-17T06:28:31","date_gmt":"2025-03-17T10:28:31","guid":{"rendered":"https:\/\/mnmsports.com\/product\/short-femme\/"},"modified":"2025-10-08T14:31:15","modified_gmt":"2025-10-08T18:31:15","slug":"short-femme","status":"publish","type":"product","link":"https:\/\/mnmsports.com\/fr\/produit\/short-femme\/","title":{"rendered":"Short femme"},"content":{"rendered":"","protected":false},"excerpt":{"rendered":"<p>Fabriqu\u00e9s avec un tissu technique de haute qualit\u00e9, ces shorts pour femme offrent respirabilit\u00e9 et durabilit\u00e9. Dot\u00e9s d\u2019impressions durables r\u00e9sistantes \u00e0 la d\u00e9coloration, ils poss\u00e8dent une taille \u00e9lastique avec cordon ajustable pour un ajustement confortable et personnalis\u00e9.  <\/p>\n","protected":false},"featured_media":1640,"template":"","meta":[],"product_brand":[],"product_cat":[63,55,58,60,62,53,64],"product_tag":[82],"class_list":{"0":"post-1512","1":"product","2":"type-product","3":"status-publish","4":"has-post-thumbnail","6":"product_cat-athletisme","7":"product_cat-baseball-fr","8":"product_cat-dek-fr","9":"product_cat-lacrosse-fr","10":"product_cat-soccer-fr","11":"product_cat-vetements-multisports","12":"product_cat-volleyball-fr","13":"product_tag-shorts-fr","15":"first","16":"instock","17":"sold-individually","18":"shipping-taxable","19":"purchasable","20":"product-type-simple"},"_links":{"self":[{"href":"https:\/\/mnmsports.com\/fr\/wp-json\/wp\/v2\/product\/1512","targetHints":{"allow":["GET"]}}],"collection":[{"href":"https:\/\/mnmsports.com\/fr\/wp-json\/wp\/v2\/product"}],"about":[{"href":"https:\/\/mnmsports.com\/fr\/wp-json\/wp\/v2\/types\/product"}],"wp:featuredmedia":[{"embeddable":true,"href":"https:\/\/mnmsports.com\/fr\/wp-json\/wp\/v2\/media\/1640"}],"wp:attachment":[{"href":"https:\/\/mnmsports.com\/fr\/wp-json\/wp\/v2\/media?parent=1512"}],"wp:term":[{"taxonomy":"product_brand","embeddable":true,"href":"https:\/\/mnmsports.com\/fr\/wp-json\/wp\/v2\/product_brand?post=1512"},{"taxonomy":"product_cat","embeddable":true,"href":"https:\/\/mnmsports.com\/fr\/wp-json\/wp\/v2\/product_cat?post=1512"},{"taxonomy":"product_tag","embeddable":true,"href":"https:\/\/mnmsports.com\/fr\/wp-json\/wp\/v2\/product_tag?post=1512"}],"curies":[{"name":"wp","href":"https:\/\/api.w.org\/{rel}","templated":true}]}}