{"id":1511,"date":"2025-03-17T06:28:31","date_gmt":"2025-03-17T10:28:31","guid":{"rendered":"https:\/\/mnmsports.com\/product\/chandail-multisports-pour-femme\/"},"modified":"2025-10-08T13:18:46","modified_gmt":"2025-10-08T17:18:46","slug":"chandail-multisports-pour-femme","status":"publish","type":"product","link":"https:\/\/mnmsports.com\/fr\/produit\/chandail-multisports-pour-femme\/","title":{"rendered":"Chandail multisports pour femme"},"content":{"rendered":"","protected":false},"excerpt":{"rendered":"<p>Le chandail multisports pour femme offre des ajustements renforc\u00e9s sous les bras pour un ajustement am\u00e9lior\u00e9, combinant respirabilit\u00e9 et designs personnalisables pour une flexibilit\u00e9 et une durabilit\u00e9 optimales. Parfait pour une vari\u00e9t\u00e9 de sports et d\u2019activit\u00e9s. <\/p>\n","protected":false},"featured_media":1566,"template":"","meta":[],"product_brand":[],"product_cat":[53],"product_tag":[80],"class_list":{"0":"post-1511","1":"product","2":"type-product","3":"status-publish","4":"has-post-thumbnail","6":"product_cat-vetements-multisports","7":"product_tag-chandails","9":"first","10":"instock","11":"sold-individually","12":"shipping-taxable","13":"purchasable","14":"product-type-simple"},"_links":{"self":[{"href":"https:\/\/mnmsports.com\/fr\/wp-json\/wp\/v2\/product\/1511","targetHints":{"allow":["GET"]}}],"collection":[{"href":"https:\/\/mnmsports.com\/fr\/wp-json\/wp\/v2\/product"}],"about":[{"href":"https:\/\/mnmsports.com\/fr\/wp-json\/wp\/v2\/types\/product"}],"wp:featuredmedia":[{"embeddable":true,"href":"https:\/\/mnmsports.com\/fr\/wp-json\/wp\/v2\/media\/1566"}],"wp:attachment":[{"href":"https:\/\/mnmsports.com\/fr\/wp-json\/wp\/v2\/media?parent=1511"}],"wp:term":[{"taxonomy":"product_brand","embeddable":true,"href":"https:\/\/mnmsports.com\/fr\/wp-json\/wp\/v2\/product_brand?post=1511"},{"taxonomy":"product_cat","embeddable":true,"href":"https:\/\/mnmsports.com\/fr\/wp-json\/wp\/v2\/product_cat?post=1511"},{"taxonomy":"product_tag","embeddable":true,"href":"https:\/\/mnmsports.com\/fr\/wp-json\/wp\/v2\/product_tag?post=1511"}],"curies":[{"name":"wp","href":"https:\/\/api.w.org\/{rel}","templated":true}]}}