{"id":1510,"date":"2025-03-17T06:28:31","date_gmt":"2025-03-17T10:28:31","guid":{"rendered":"https:\/\/mnmsports.com\/product\/chandail-de-dek-elite-pour-homme\/"},"modified":"2025-10-08T13:22:31","modified_gmt":"2025-10-08T17:22:31","slug":"chandail-de-dek-elite-pour-homme","status":"publish","type":"product","link":"https:\/\/mnmsports.com\/fr\/produit\/chandail-de-dek-elite-pour-homme\/","title":{"rendered":"Chandail de dek elite pour homme (coupe ajust\u00e9e)"},"content":{"rendered":"","protected":false},"excerpt":{"rendered":"<p>Le chandail de dek elite pour homme offre un parfait \u00e9quilibre entre confort et style. Con\u00e7u avec un tissu haut de gamme, semblable \u00e0 celui des chandails de soccer, il assure une coupe respirante et flexible. Ce chandail est enti\u00e8rement personnalisable selon votre style. <\/p>\n","protected":false},"featured_media":1564,"template":"","meta":[],"product_brand":[],"product_cat":[58],"product_tag":[80],"class_list":{"0":"post-1510","1":"product","2":"type-product","3":"status-publish","4":"has-post-thumbnail","6":"product_cat-dek-fr","7":"product_tag-chandails","9":"first","10":"instock","11":"sold-individually","12":"shipping-taxable","13":"purchasable","14":"product-type-simple"},"_links":{"self":[{"href":"https:\/\/mnmsports.com\/fr\/wp-json\/wp\/v2\/product\/1510","targetHints":{"allow":["GET"]}}],"collection":[{"href":"https:\/\/mnmsports.com\/fr\/wp-json\/wp\/v2\/product"}],"about":[{"href":"https:\/\/mnmsports.com\/fr\/wp-json\/wp\/v2\/types\/product"}],"wp:featuredmedia":[{"embeddable":true,"href":"https:\/\/mnmsports.com\/fr\/wp-json\/wp\/v2\/media\/1564"}],"wp:attachment":[{"href":"https:\/\/mnmsports.com\/fr\/wp-json\/wp\/v2\/media?parent=1510"}],"wp:term":[{"taxonomy":"product_brand","embeddable":true,"href":"https:\/\/mnmsports.com\/fr\/wp-json\/wp\/v2\/product_brand?post=1510"},{"taxonomy":"product_cat","embeddable":true,"href":"https:\/\/mnmsports.com\/fr\/wp-json\/wp\/v2\/product_cat?post=1510"},{"taxonomy":"product_tag","embeddable":true,"href":"https:\/\/mnmsports.com\/fr\/wp-json\/wp\/v2\/product_tag?post=1510"}],"curies":[{"name":"wp","href":"https:\/\/api.w.org\/{rel}","templated":true}]}}