{"id":1508,"date":"2025-03-17T06:28:32","date_gmt":"2025-03-17T10:28:32","guid":{"rendered":"https:\/\/mnmsports.com\/product\/bande-de-nom-sublimee\/"},"modified":"2025-10-08T14:44:27","modified_gmt":"2025-10-08T18:44:27","slug":"bande-de-nom-sublimee","status":"publish","type":"product","link":"https:\/\/mnmsports.com\/fr\/produit\/bande-de-nom-sublimee\/","title":{"rendered":"Bande de nom sublim\u00e9e"},"content":{"rendered":"","protected":false},"excerpt":{"rendered":"<p>La bande de nom sublim\u00e9e permet d\u2019ajouter un nom personnalis\u00e9 \u00e0 tout v\u00eatement, id\u00e9ale pour le hockey ou d\u2019autres activit\u00e9s sportives. Elle peut \u00e9galement \u00eatre appos\u00e9e sur certains accessoires figurant dans le catalogue. <\/p>\n","protected":false},"featured_media":1748,"template":"","meta":[],"product_brand":[],"product_cat":[59],"product_tag":[100],"class_list":{"0":"post-1508","1":"product","2":"type-product","3":"status-publish","4":"has-post-thumbnail","6":"product_cat-hockey-fr","7":"product_tag-autres","9":"first","10":"instock","11":"sold-individually","12":"shipping-taxable","13":"purchasable","14":"product-type-simple"},"_links":{"self":[{"href":"https:\/\/mnmsports.com\/fr\/wp-json\/wp\/v2\/product\/1508","targetHints":{"allow":["GET"]}}],"collection":[{"href":"https:\/\/mnmsports.com\/fr\/wp-json\/wp\/v2\/product"}],"about":[{"href":"https:\/\/mnmsports.com\/fr\/wp-json\/wp\/v2\/types\/product"}],"wp:featuredmedia":[{"embeddable":true,"href":"https:\/\/mnmsports.com\/fr\/wp-json\/wp\/v2\/media\/1748"}],"wp:attachment":[{"href":"https:\/\/mnmsports.com\/fr\/wp-json\/wp\/v2\/media?parent=1508"}],"wp:term":[{"taxonomy":"product_brand","embeddable":true,"href":"https:\/\/mnmsports.com\/fr\/wp-json\/wp\/v2\/product_brand?post=1508"},{"taxonomy":"product_cat","embeddable":true,"href":"https:\/\/mnmsports.com\/fr\/wp-json\/wp\/v2\/product_cat?post=1508"},{"taxonomy":"product_tag","embeddable":true,"href":"https:\/\/mnmsports.com\/fr\/wp-json\/wp\/v2\/product_tag?post=1508"}],"curies":[{"name":"wp","href":"https:\/\/api.w.org\/{rel}","templated":true}]}}