{"id":1507,"date":"2025-03-17T06:28:32","date_gmt":"2025-03-17T10:28:32","guid":{"rendered":"https:\/\/mnmsports.com\/product\/gants-de-hockey\/"},"modified":"2025-10-08T14:45:17","modified_gmt":"2025-10-08T18:45:17","slug":"gants-de-hockey","status":"publish","type":"product","link":"https:\/\/mnmsports.com\/fr\/produit\/gants-de-hockey\/","title":{"rendered":"Gants de hockey"},"content":{"rendered":"","protected":false},"excerpt":{"rendered":"<p>Les gants de hockey sont enti\u00e8rement personnalisables, offrant une durabilit\u00e9 l\u00e9g\u00e8re gr\u00e2ce \u00e0 des renforts en plastique aux doigts, \u00e0 la main et au poignet. Con\u00e7us pour la flexibilit\u00e9, ils disposent d\u2019un poignet ouvert, d\u2019un verrou professionnel au pouce, de doigts s\u00e9par\u00e9s, ainsi que d\u2019une nouvelle fermeture de la paume pour un ajustement confortable et s\u00e9curitaire. <\/p>\n","protected":false},"featured_media":1698,"template":"","meta":[],"product_brand":[],"product_cat":[59,61],"product_tag":[98],"class_list":{"0":"post-1507","1":"product","2":"type-product","3":"status-publish","4":"has-post-thumbnail","6":"product_cat-hockey-fr","7":"product_cat-ringuette","8":"product_tag-accessoires","10":"first","11":"instock","12":"sold-individually","13":"shipping-taxable","14":"purchasable","15":"product-type-simple"},"_links":{"self":[{"href":"https:\/\/mnmsports.com\/fr\/wp-json\/wp\/v2\/product\/1507","targetHints":{"allow":["GET"]}}],"collection":[{"href":"https:\/\/mnmsports.com\/fr\/wp-json\/wp\/v2\/product"}],"about":[{"href":"https:\/\/mnmsports.com\/fr\/wp-json\/wp\/v2\/types\/product"}],"wp:featuredmedia":[{"embeddable":true,"href":"https:\/\/mnmsports.com\/fr\/wp-json\/wp\/v2\/media\/1698"}],"wp:attachment":[{"href":"https:\/\/mnmsports.com\/fr\/wp-json\/wp\/v2\/media?parent=1507"}],"wp:term":[{"taxonomy":"product_brand","embeddable":true,"href":"https:\/\/mnmsports.com\/fr\/wp-json\/wp\/v2\/product_brand?post=1507"},{"taxonomy":"product_cat","embeddable":true,"href":"https:\/\/mnmsports.com\/fr\/wp-json\/wp\/v2\/product_cat?post=1507"},{"taxonomy":"product_tag","embeddable":true,"href":"https:\/\/mnmsports.com\/fr\/wp-json\/wp\/v2\/product_tag?post=1507"}],"curies":[{"name":"wp","href":"https:\/\/api.w.org\/{rel}","templated":true}]}}