{"id":1506,"date":"2025-03-17T06:28:32","date_gmt":"2025-03-17T10:28:32","guid":{"rendered":"https:\/\/mnmsports.com\/product\/gaine\/"},"modified":"2025-09-26T15:30:35","modified_gmt":"2025-09-26T19:30:35","slug":"gaine","status":"publish","type":"product","link":"https:\/\/mnmsports.com\/fr\/produit\/gaine\/","title":{"rendered":"Gaine"},"content":{"rendered":"","protected":false},"excerpt":{"rendered":"<p>La gaine est fabriqu\u00e9 d&rsquo;un tissu l\u00e9ger, flexible et durable. Elle est dot\u00e9 de soufflets doux \u00e0 l\u2019entrejambe et aux jambes pour plus de confort, ainsi que d\u2019une ceinture ajustable pour un maintien optimal. <\/p>\n","protected":false},"featured_media":1683,"template":"","meta":[],"product_brand":[],"product_cat":[59],"product_tag":[87],"class_list":{"0":"post-1506","1":"product","2":"type-product","3":"status-publish","4":"has-post-thumbnail","6":"product_cat-hockey-fr","7":"product_tag-gaine","9":"first","10":"instock","11":"sold-individually","12":"shipping-taxable","13":"purchasable","14":"product-type-simple"},"_links":{"self":[{"href":"https:\/\/mnmsports.com\/fr\/wp-json\/wp\/v2\/product\/1506","targetHints":{"allow":["GET"]}}],"collection":[{"href":"https:\/\/mnmsports.com\/fr\/wp-json\/wp\/v2\/product"}],"about":[{"href":"https:\/\/mnmsports.com\/fr\/wp-json\/wp\/v2\/types\/product"}],"wp:featuredmedia":[{"embeddable":true,"href":"https:\/\/mnmsports.com\/fr\/wp-json\/wp\/v2\/media\/1683"}],"wp:attachment":[{"href":"https:\/\/mnmsports.com\/fr\/wp-json\/wp\/v2\/media?parent=1506"}],"wp:term":[{"taxonomy":"product_brand","embeddable":true,"href":"https:\/\/mnmsports.com\/fr\/wp-json\/wp\/v2\/product_brand?post=1506"},{"taxonomy":"product_cat","embeddable":true,"href":"https:\/\/mnmsports.com\/fr\/wp-json\/wp\/v2\/product_cat?post=1506"},{"taxonomy":"product_tag","embeddable":true,"href":"https:\/\/mnmsports.com\/fr\/wp-json\/wp\/v2\/product_tag?post=1506"}],"curies":[{"name":"wp","href":"https:\/\/api.w.org\/{rel}","templated":true}]}}