{"id":1505,"date":"2025-03-17T06:28:32","date_gmt":"2025-03-17T10:28:32","guid":{"rendered":"https:\/\/mnmsports.com\/product\/bas-sublimes-pour-le-hockey\/"},"modified":"2025-10-08T11:47:01","modified_gmt":"2025-10-08T15:47:01","slug":"bas-sublimes-pour-le-hockey","status":"publish","type":"product","link":"https:\/\/mnmsports.com\/fr\/produit\/bas-sublimes-pour-le-hockey\/","title":{"rendered":"Bas sublim\u00e9s pour le hockey"},"content":{"rendered":"","protected":false},"excerpt":{"rendered":"<p>Les bas sublim\u00e9s pour le hockey sont dot\u00e9s de deux bandes int\u00e9rieures en velcro et d\u2019un embout \u00e9lastique pour un maintien s\u00e9curitaire. Ces bas peuvent \u00eatre personnalis\u00e9s aux couleurs et au design de votre \u00e9quipe. <\/p>\n","protected":false},"featured_media":1681,"template":"","meta":[],"product_brand":[],"product_cat":[59],"product_tag":[89],"class_list":{"0":"post-1505","1":"product","2":"type-product","3":"status-publish","4":"has-post-thumbnail","6":"product_cat-hockey-fr","7":"product_tag-bas","9":"first","10":"instock","11":"sold-individually","12":"shipping-taxable","13":"purchasable","14":"product-type-simple"},"_links":{"self":[{"href":"https:\/\/mnmsports.com\/fr\/wp-json\/wp\/v2\/product\/1505","targetHints":{"allow":["GET"]}}],"collection":[{"href":"https:\/\/mnmsports.com\/fr\/wp-json\/wp\/v2\/product"}],"about":[{"href":"https:\/\/mnmsports.com\/fr\/wp-json\/wp\/v2\/types\/product"}],"wp:featuredmedia":[{"embeddable":true,"href":"https:\/\/mnmsports.com\/fr\/wp-json\/wp\/v2\/media\/1681"}],"wp:attachment":[{"href":"https:\/\/mnmsports.com\/fr\/wp-json\/wp\/v2\/media?parent=1505"}],"wp:term":[{"taxonomy":"product_brand","embeddable":true,"href":"https:\/\/mnmsports.com\/fr\/wp-json\/wp\/v2\/product_brand?post=1505"},{"taxonomy":"product_cat","embeddable":true,"href":"https:\/\/mnmsports.com\/fr\/wp-json\/wp\/v2\/product_cat?post=1505"},{"taxonomy":"product_tag","embeddable":true,"href":"https:\/\/mnmsports.com\/fr\/wp-json\/wp\/v2\/product_tag?post=1505"}],"curies":[{"name":"wp","href":"https:\/\/api.w.org\/{rel}","templated":true}]}}