{"id":1504,"date":"2025-03-17T06:28:32","date_gmt":"2025-03-17T10:28:32","guid":{"rendered":"https:\/\/mnmsports.com\/product\/chandail-de-hockey-classique\/"},"modified":"2025-10-08T11:37:10","modified_gmt":"2025-10-08T15:37:10","slug":"chandail-de-hockey-classique","status":"publish","type":"product","link":"https:\/\/mnmsports.com\/fr\/produit\/chandail-de-hockey-classique\/","title":{"rendered":"Chandail de hockey classique"},"content":{"rendered":"","protected":false},"excerpt":{"rendered":"<p>Le chandail de hockey classique propose un design \u00e9pur\u00e9 avec un col en tricot c\u00f4tel\u00e9 surpiqu\u00e9, offert dans un choix de couleurs de base (noir, rouge ou bleu marine). Seul un logo \u00e0 l\u2019avant et un num\u00e9ro \u00e0 l\u2019arri\u00e8re sont permis. Ce chandail ne comprend pas d\u2019\u00e9paules ni de coudes doubl\u00e9s, ni de coutures renforc\u00e9es sur les c\u00f4t\u00e9s et sous les manches, ce qui en fait une option plus basique.  <\/p>\n","protected":false},"featured_media":1608,"template":"","meta":[],"product_brand":[],"product_cat":[59],"product_tag":[80],"class_list":{"0":"post-1504","1":"product","2":"type-product","3":"status-publish","4":"has-post-thumbnail","6":"product_cat-hockey-fr","7":"product_tag-chandails","9":"first","10":"instock","11":"sold-individually","12":"shipping-taxable","13":"purchasable","14":"product-type-simple"},"_links":{"self":[{"href":"https:\/\/mnmsports.com\/fr\/wp-json\/wp\/v2\/product\/1504","targetHints":{"allow":["GET"]}}],"collection":[{"href":"https:\/\/mnmsports.com\/fr\/wp-json\/wp\/v2\/product"}],"about":[{"href":"https:\/\/mnmsports.com\/fr\/wp-json\/wp\/v2\/types\/product"}],"wp:featuredmedia":[{"embeddable":true,"href":"https:\/\/mnmsports.com\/fr\/wp-json\/wp\/v2\/media\/1608"}],"wp:attachment":[{"href":"https:\/\/mnmsports.com\/fr\/wp-json\/wp\/v2\/media?parent=1504"}],"wp:term":[{"taxonomy":"product_brand","embeddable":true,"href":"https:\/\/mnmsports.com\/fr\/wp-json\/wp\/v2\/product_brand?post=1504"},{"taxonomy":"product_cat","embeddable":true,"href":"https:\/\/mnmsports.com\/fr\/wp-json\/wp\/v2\/product_cat?post=1504"},{"taxonomy":"product_tag","embeddable":true,"href":"https:\/\/mnmsports.com\/fr\/wp-json\/wp\/v2\/product_tag?post=1504"}],"curies":[{"name":"wp","href":"https:\/\/api.w.org\/{rel}","templated":true}]}}