{"id":1503,"date":"2025-03-17T06:28:33","date_gmt":"2025-03-17T10:28:33","guid":{"rendered":"https:\/\/mnmsports.com\/product\/chandail-de-soccer-pour-homme\/"},"modified":"2025-10-08T14:11:48","modified_gmt":"2025-10-08T18:11:48","slug":"chandail-de-soccer-pour-homme","status":"publish","type":"product","link":"https:\/\/mnmsports.com\/fr\/produit\/chandail-de-soccer-pour-homme\/","title":{"rendered":"Chandail de soccer pour homme"},"content":{"rendered":"","protected":false},"excerpt":{"rendered":"<p>Le chandail de soccer pour homme est fabriqu\u00e9 avec un tissu respirant de haute qualit\u00e9, alliant confort et performance. Dot\u00e9 d\u2019une impression durable r\u00e9sistante \u00e0 la d\u00e9coloration, il est con\u00e7u pour vous garder \u00e0 l\u2019aise et styl\u00e9 tout au long de votre match. <\/p>\n","protected":false},"featured_media":1568,"template":"","meta":[],"product_brand":[],"product_cat":[62],"product_tag":[80],"class_list":{"0":"post-1503","1":"product","2":"type-product","3":"status-publish","4":"has-post-thumbnail","6":"product_cat-soccer-fr","7":"product_tag-chandails","9":"first","10":"instock","11":"sold-individually","12":"shipping-taxable","13":"purchasable","14":"product-type-simple"},"_links":{"self":[{"href":"https:\/\/mnmsports.com\/fr\/wp-json\/wp\/v2\/product\/1503","targetHints":{"allow":["GET"]}}],"collection":[{"href":"https:\/\/mnmsports.com\/fr\/wp-json\/wp\/v2\/product"}],"about":[{"href":"https:\/\/mnmsports.com\/fr\/wp-json\/wp\/v2\/types\/product"}],"wp:featuredmedia":[{"embeddable":true,"href":"https:\/\/mnmsports.com\/fr\/wp-json\/wp\/v2\/media\/1568"}],"wp:attachment":[{"href":"https:\/\/mnmsports.com\/fr\/wp-json\/wp\/v2\/media?parent=1503"}],"wp:term":[{"taxonomy":"product_brand","embeddable":true,"href":"https:\/\/mnmsports.com\/fr\/wp-json\/wp\/v2\/product_brand?post=1503"},{"taxonomy":"product_cat","embeddable":true,"href":"https:\/\/mnmsports.com\/fr\/wp-json\/wp\/v2\/product_cat?post=1503"},{"taxonomy":"product_tag","embeddable":true,"href":"https:\/\/mnmsports.com\/fr\/wp-json\/wp\/v2\/product_tag?post=1503"}],"curies":[{"name":"wp","href":"https:\/\/api.w.org\/{rel}","templated":true}]}}