{"id":1502,"date":"2025-03-17T06:28:33","date_gmt":"2025-03-17T10:28:33","guid":{"rendered":"https:\/\/mnmsports.com\/product\/camisole-racerback\/"},"modified":"2025-10-08T14:31:05","modified_gmt":"2025-10-08T18:31:05","slug":"camisole-racerback","status":"publish","type":"product","link":"https:\/\/mnmsports.com\/fr\/produit\/camisole-racerback\/","title":{"rendered":"Camisole racerback"},"content":{"rendered":"","protected":false},"excerpt":{"rendered":"<p>La camisole racerback est fabriqu\u00e9e avec un tissu respirant de haute qualit\u00e9, offrant confort et flexibilit\u00e9. Dot\u00e9e d\u2019ouvertures de bras ajust\u00e9es pour un meilleur ajustement et d\u2019une impression durable r\u00e9sistante \u00e0 la d\u00e9coloration, elle est parfaite pour les activit\u00e9s sportives. <\/p>\n","protected":false},"featured_media":1620,"template":"","meta":[],"product_brand":[],"product_cat":[55],"product_tag":[80],"class_list":{"0":"post-1502","1":"product","2":"type-product","3":"status-publish","4":"has-post-thumbnail","6":"product_cat-baseball-fr","7":"product_tag-chandails","9":"first","10":"instock","11":"sold-individually","12":"shipping-taxable","13":"purchasable","14":"product-type-simple"},"_links":{"self":[{"href":"https:\/\/mnmsports.com\/fr\/wp-json\/wp\/v2\/product\/1502","targetHints":{"allow":["GET"]}}],"collection":[{"href":"https:\/\/mnmsports.com\/fr\/wp-json\/wp\/v2\/product"}],"about":[{"href":"https:\/\/mnmsports.com\/fr\/wp-json\/wp\/v2\/types\/product"}],"wp:featuredmedia":[{"embeddable":true,"href":"https:\/\/mnmsports.com\/fr\/wp-json\/wp\/v2\/media\/1620"}],"wp:attachment":[{"href":"https:\/\/mnmsports.com\/fr\/wp-json\/wp\/v2\/media?parent=1502"}],"wp:term":[{"taxonomy":"product_brand","embeddable":true,"href":"https:\/\/mnmsports.com\/fr\/wp-json\/wp\/v2\/product_brand?post=1502"},{"taxonomy":"product_cat","embeddable":true,"href":"https:\/\/mnmsports.com\/fr\/wp-json\/wp\/v2\/product_cat?post=1502"},{"taxonomy":"product_tag","embeddable":true,"href":"https:\/\/mnmsports.com\/fr\/wp-json\/wp\/v2\/product_tag?post=1502"}],"curies":[{"name":"wp","href":"https:\/\/api.w.org\/{rel}","templated":true}]}}