{"id":1501,"date":"2025-03-17T06:28:33","date_gmt":"2025-03-17T10:28:33","guid":{"rendered":"https:\/\/mnmsports.com\/product\/chemise-de-baseball-a-boutons-pro\/"},"modified":"2025-10-08T13:53:20","modified_gmt":"2025-10-08T17:53:20","slug":"chemise-de-baseball-a-boutons-pro","status":"publish","type":"product","link":"https:\/\/mnmsports.com\/fr\/produit\/chemise-de-baseball-a-boutons-pro\/","title":{"rendered":"Chemise de baseball \u00e0 boutons Pro"},"content":{"rendered":"","protected":false},"excerpt":{"rendered":"<p>Le chemise de baseball \u00e0 boutons Pro est fabriqu\u00e9 \u00e0 partir d&rsquo;un tissu respirant de haute qualit\u00e9 pour un confort optimal. Dot\u00e9 de 5 boutons et d\u2019une impression durable r\u00e9sistante \u00e0 la d\u00e9coloration, ce chandail allie style et durabilit\u00e9, autant sur le terrain qu\u2019\u00e0 l\u2019ext\u00e9rieur. <\/p>\n","protected":false},"featured_media":1700,"template":"","meta":[],"product_brand":[],"product_cat":[55],"product_tag":[80],"class_list":{"0":"post-1501","1":"product","2":"type-product","3":"status-publish","4":"has-post-thumbnail","6":"product_cat-baseball-fr","7":"product_tag-chandails","9":"first","10":"instock","11":"sold-individually","12":"shipping-taxable","13":"purchasable","14":"product-type-simple"},"_links":{"self":[{"href":"https:\/\/mnmsports.com\/fr\/wp-json\/wp\/v2\/product\/1501","targetHints":{"allow":["GET"]}}],"collection":[{"href":"https:\/\/mnmsports.com\/fr\/wp-json\/wp\/v2\/product"}],"about":[{"href":"https:\/\/mnmsports.com\/fr\/wp-json\/wp\/v2\/types\/product"}],"wp:featuredmedia":[{"embeddable":true,"href":"https:\/\/mnmsports.com\/fr\/wp-json\/wp\/v2\/media\/1700"}],"wp:attachment":[{"href":"https:\/\/mnmsports.com\/fr\/wp-json\/wp\/v2\/media?parent=1501"}],"wp:term":[{"taxonomy":"product_brand","embeddable":true,"href":"https:\/\/mnmsports.com\/fr\/wp-json\/wp\/v2\/product_brand?post=1501"},{"taxonomy":"product_cat","embeddable":true,"href":"https:\/\/mnmsports.com\/fr\/wp-json\/wp\/v2\/product_cat?post=1501"},{"taxonomy":"product_tag","embeddable":true,"href":"https:\/\/mnmsports.com\/fr\/wp-json\/wp\/v2\/product_tag?post=1501"}],"curies":[{"name":"wp","href":"https:\/\/api.w.org\/{rel}","templated":true}]}}