{"id":1500,"date":"2025-03-17T06:28:33","date_gmt":"2025-03-17T10:28:33","guid":{"rendered":"https:\/\/mnmsports.com\/product\/chandail-de-baseball-a-manches-courtes-pour-femme\/"},"modified":"2025-09-25T11:17:41","modified_gmt":"2025-09-25T15:17:41","slug":"chandail-de-baseball-a-manches-courtes-pour-femme","status":"publish","type":"product","link":"https:\/\/mnmsports.com\/fr\/produit\/chandail-de-baseball-a-manches-courtes-pour-femme\/","title":{"rendered":"Chandail de baseball \u00e0 manches courtes pour femme"},"content":{"rendered":"","protected":false},"excerpt":{"rendered":"<p>Le chandail de baseball \u00e0 manches courtes pour femme est fabriqu\u00e9 dans un tissu respirant de haute qualit\u00e9, offrant confort et durabilit\u00e9. Il est dot\u00e9 d\u2019une impression durable r\u00e9sistante \u00e0 la d\u00e9coloration et d\u2019ajustements renforc\u00e9s sous les bras pour un ajustement et un confort am\u00e9lior\u00e9s. <\/p>\n","protected":false},"featured_media":1562,"template":"","meta":[],"product_brand":[],"product_cat":[55],"product_tag":[80],"class_list":{"0":"post-1500","1":"product","2":"type-product","3":"status-publish","4":"has-post-thumbnail","6":"product_cat-baseball-fr","7":"product_tag-chandails","9":"first","10":"instock","11":"sold-individually","12":"shipping-taxable","13":"purchasable","14":"product-type-simple"},"_links":{"self":[{"href":"https:\/\/mnmsports.com\/fr\/wp-json\/wp\/v2\/product\/1500","targetHints":{"allow":["GET"]}}],"collection":[{"href":"https:\/\/mnmsports.com\/fr\/wp-json\/wp\/v2\/product"}],"about":[{"href":"https:\/\/mnmsports.com\/fr\/wp-json\/wp\/v2\/types\/product"}],"wp:featuredmedia":[{"embeddable":true,"href":"https:\/\/mnmsports.com\/fr\/wp-json\/wp\/v2\/media\/1562"}],"wp:attachment":[{"href":"https:\/\/mnmsports.com\/fr\/wp-json\/wp\/v2\/media?parent=1500"}],"wp:term":[{"taxonomy":"product_brand","embeddable":true,"href":"https:\/\/mnmsports.com\/fr\/wp-json\/wp\/v2\/product_brand?post=1500"},{"taxonomy":"product_cat","embeddable":true,"href":"https:\/\/mnmsports.com\/fr\/wp-json\/wp\/v2\/product_cat?post=1500"},{"taxonomy":"product_tag","embeddable":true,"href":"https:\/\/mnmsports.com\/fr\/wp-json\/wp\/v2\/product_tag?post=1500"}],"curies":[{"name":"wp","href":"https:\/\/api.w.org\/{rel}","templated":true}]}}