{"id":1497,"date":"2025-03-17T06:28:33","date_gmt":"2025-03-17T10:28:33","guid":{"rendered":"https:\/\/mnmsports.com\/product\/bande-sublimee-pour-capitaine-c\/"},"modified":"2025-10-08T14:44:35","modified_gmt":"2025-10-08T18:44:35","slug":"bande-sublimee-pour-capitaine-c","status":"publish","type":"product","link":"https:\/\/mnmsports.com\/fr\/produit\/bande-sublimee-pour-capitaine-c\/","title":{"rendered":"Bande sublim\u00e9e pour capitaine (C)"},"content":{"rendered":"","protected":false},"excerpt":{"rendered":"<p>La bande sublim\u00e9e pour capitaine (C) vous permet d\u2019ajouter la lettre \u00ab\u00a0C\u00a0\u00bb pour capitaine \u00e0 un chandail de hockey ou \u00e0 tout autre v\u00eatement. Elle peut \u00e9galement \u00eatre appliqu\u00e9e sur certains accessoires list\u00e9s dans notre catalogue. <\/p>\n","protected":false},"featured_media":1758,"template":"","meta":[],"product_brand":[],"product_cat":[59],"product_tag":[100],"class_list":{"0":"post-1497","1":"product","2":"type-product","3":"status-publish","4":"has-post-thumbnail","6":"product_cat-hockey-fr","7":"product_tag-autres","9":"first","10":"instock","11":"sold-individually","12":"shipping-taxable","13":"purchasable","14":"product-type-simple"},"_links":{"self":[{"href":"https:\/\/mnmsports.com\/fr\/wp-json\/wp\/v2\/product\/1497","targetHints":{"allow":["GET"]}}],"collection":[{"href":"https:\/\/mnmsports.com\/fr\/wp-json\/wp\/v2\/product"}],"about":[{"href":"https:\/\/mnmsports.com\/fr\/wp-json\/wp\/v2\/types\/product"}],"wp:featuredmedia":[{"embeddable":true,"href":"https:\/\/mnmsports.com\/fr\/wp-json\/wp\/v2\/media\/1758"}],"wp:attachment":[{"href":"https:\/\/mnmsports.com\/fr\/wp-json\/wp\/v2\/media?parent=1497"}],"wp:term":[{"taxonomy":"product_brand","embeddable":true,"href":"https:\/\/mnmsports.com\/fr\/wp-json\/wp\/v2\/product_brand?post=1497"},{"taxonomy":"product_cat","embeddable":true,"href":"https:\/\/mnmsports.com\/fr\/wp-json\/wp\/v2\/product_cat?post=1497"},{"taxonomy":"product_tag","embeddable":true,"href":"https:\/\/mnmsports.com\/fr\/wp-json\/wp\/v2\/product_tag?post=1497"}],"curies":[{"name":"wp","href":"https:\/\/api.w.org\/{rel}","templated":true}]}}