{"id":1493,"date":"2025-03-17T06:28:34","date_gmt":"2025-03-17T10:28:34","guid":{"rendered":"https:\/\/mnmsports.com\/product\/chandail-de-volleyball-pour-homme\/"},"modified":"2025-10-08T14:18:55","modified_gmt":"2025-10-08T18:18:55","slug":"chandail-de-volleyball-pour-homme","status":"publish","type":"product","link":"https:\/\/mnmsports.com\/fr\/produit\/chandail-de-volleyball-pour-homme\/","title":{"rendered":"Chandail de volleyball pour homme"},"content":{"rendered":"","protected":false},"excerpt":{"rendered":"<p>Un chandail de volleyball pour homme, \u00e0 la fois styl\u00e9 et confortable, con\u00e7u pour la performance et la durabilit\u00e9. Il est fabriqu\u00e9 avec un tissu respirant et offre un ajustement parfait pour les athl\u00e8tes.<\/p>\n","protected":false},"featured_media":1564,"template":"","meta":[],"product_brand":[],"product_cat":[64],"product_tag":[80],"class_list":{"0":"post-1493","1":"product","2":"type-product","3":"status-publish","4":"has-post-thumbnail","6":"product_cat-volleyball-fr","7":"product_tag-chandails","9":"first","10":"instock","11":"sold-individually","12":"shipping-taxable","13":"purchasable","14":"product-type-simple"},"_links":{"self":[{"href":"https:\/\/mnmsports.com\/fr\/wp-json\/wp\/v2\/product\/1493","targetHints":{"allow":["GET"]}}],"collection":[{"href":"https:\/\/mnmsports.com\/fr\/wp-json\/wp\/v2\/product"}],"about":[{"href":"https:\/\/mnmsports.com\/fr\/wp-json\/wp\/v2\/types\/product"}],"wp:featuredmedia":[{"embeddable":true,"href":"https:\/\/mnmsports.com\/fr\/wp-json\/wp\/v2\/media\/1564"}],"wp:attachment":[{"href":"https:\/\/mnmsports.com\/fr\/wp-json\/wp\/v2\/media?parent=1493"}],"wp:term":[{"taxonomy":"product_brand","embeddable":true,"href":"https:\/\/mnmsports.com\/fr\/wp-json\/wp\/v2\/product_brand?post=1493"},{"taxonomy":"product_cat","embeddable":true,"href":"https:\/\/mnmsports.com\/fr\/wp-json\/wp\/v2\/product_cat?post=1493"},{"taxonomy":"product_tag","embeddable":true,"href":"https:\/\/mnmsports.com\/fr\/wp-json\/wp\/v2\/product_tag?post=1493"}],"curies":[{"name":"wp","href":"https:\/\/api.w.org\/{rel}","templated":true}]}}