{"id":1492,"date":"2025-03-17T06:28:34","date_gmt":"2025-03-17T10:28:34","guid":{"rendered":"https:\/\/mnmsports.com\/product\/camisole-de-basketball-pour-femme\/"},"modified":"2025-10-08T14:15:29","modified_gmt":"2025-10-08T18:15:29","slug":"camisole-de-basketball-pour-femme","status":"publish","type":"product","link":"https:\/\/mnmsports.com\/fr\/produit\/camisole-de-basketball-pour-femme\/","title":{"rendered":"Camisole de basketball pour femme"},"content":{"rendered":"","protected":false},"excerpt":{"rendered":"<p>La camisole de basketball pour femme est fabriqu\u00e9e dans un tissu respirant de haute qualit\u00e9 pour un confort optimal. Dot\u00e9e d\u2019une impression durable r\u00e9sistante \u00e0 la d\u00e9coloration, elle comprend \u00e9galement des ajustements renforc\u00e9s sous les bras pour un meilleur ajustement et un confort accru. <\/p>\n","protected":false},"featured_media":1669,"template":"","meta":[],"product_brand":[],"product_cat":[56],"product_tag":[80],"class_list":{"0":"post-1492","1":"product","2":"type-product","3":"status-publish","4":"has-post-thumbnail","6":"product_cat-basketball-fr","7":"product_tag-chandails","9":"first","10":"instock","11":"sold-individually","12":"shipping-taxable","13":"purchasable","14":"product-type-simple"},"_links":{"self":[{"href":"https:\/\/mnmsports.com\/fr\/wp-json\/wp\/v2\/product\/1492","targetHints":{"allow":["GET"]}}],"collection":[{"href":"https:\/\/mnmsports.com\/fr\/wp-json\/wp\/v2\/product"}],"about":[{"href":"https:\/\/mnmsports.com\/fr\/wp-json\/wp\/v2\/types\/product"}],"wp:featuredmedia":[{"embeddable":true,"href":"https:\/\/mnmsports.com\/fr\/wp-json\/wp\/v2\/media\/1669"}],"wp:attachment":[{"href":"https:\/\/mnmsports.com\/fr\/wp-json\/wp\/v2\/media?parent=1492"}],"wp:term":[{"taxonomy":"product_brand","embeddable":true,"href":"https:\/\/mnmsports.com\/fr\/wp-json\/wp\/v2\/product_brand?post=1492"},{"taxonomy":"product_cat","embeddable":true,"href":"https:\/\/mnmsports.com\/fr\/wp-json\/wp\/v2\/product_cat?post=1492"},{"taxonomy":"product_tag","embeddable":true,"href":"https:\/\/mnmsports.com\/fr\/wp-json\/wp\/v2\/product_tag?post=1492"}],"curies":[{"name":"wp","href":"https:\/\/api.w.org\/{rel}","templated":true}]}}