{"id":1491,"date":"2025-03-17T06:28:34","date_gmt":"2025-03-17T10:28:34","guid":{"rendered":"https:\/\/mnmsports.com\/product\/camisole-de-basketball-pour-homme\/"},"modified":"2025-10-08T14:14:41","modified_gmt":"2025-10-08T18:14:41","slug":"camisole-de-basketball-pour-homme","status":"publish","type":"product","link":"https:\/\/mnmsports.com\/fr\/produit\/camisole-de-basketball-pour-homme\/","title":{"rendered":"Camisole de basketball pour homme"},"content":{"rendered":"","protected":false},"excerpt":{"rendered":"<p>La camisole de basketball pour homme est fabriqu\u00e9e dans un tissu respirant de haute qualit\u00e9 pour un confort optimal lors des jeux intenses. Dot\u00e9e d\u2019une impression durable r\u00e9sistante \u00e0 la d\u00e9coloration, elle est con\u00e7ue pour que vous restiez \u00e9l\u00e9gant et \u00e0 l\u2019aise sur le terrain. <\/p>\n","protected":false},"featured_media":1667,"template":"","meta":[],"product_brand":[],"product_cat":[56],"product_tag":[80],"class_list":{"0":"post-1491","1":"product","2":"type-product","3":"status-publish","4":"has-post-thumbnail","6":"product_cat-basketball-fr","7":"product_tag-chandails","9":"first","10":"instock","11":"sold-individually","12":"shipping-taxable","13":"purchasable","14":"product-type-simple"},"_links":{"self":[{"href":"https:\/\/mnmsports.com\/fr\/wp-json\/wp\/v2\/product\/1491","targetHints":{"allow":["GET"]}}],"collection":[{"href":"https:\/\/mnmsports.com\/fr\/wp-json\/wp\/v2\/product"}],"about":[{"href":"https:\/\/mnmsports.com\/fr\/wp-json\/wp\/v2\/types\/product"}],"wp:featuredmedia":[{"embeddable":true,"href":"https:\/\/mnmsports.com\/fr\/wp-json\/wp\/v2\/media\/1667"}],"wp:attachment":[{"href":"https:\/\/mnmsports.com\/fr\/wp-json\/wp\/v2\/media?parent=1491"}],"wp:term":[{"taxonomy":"product_brand","embeddable":true,"href":"https:\/\/mnmsports.com\/fr\/wp-json\/wp\/v2\/product_brand?post=1491"},{"taxonomy":"product_cat","embeddable":true,"href":"https:\/\/mnmsports.com\/fr\/wp-json\/wp\/v2\/product_cat?post=1491"},{"taxonomy":"product_tag","embeddable":true,"href":"https:\/\/mnmsports.com\/fr\/wp-json\/wp\/v2\/product_tag?post=1491"}],"curies":[{"name":"wp","href":"https:\/\/api.w.org\/{rel}","templated":true}]}}