{"id":1490,"date":"2025-03-17T06:28:34","date_gmt":"2025-03-17T10:28:34","guid":{"rendered":"https:\/\/mnmsports.com\/product\/chandail-de-soccer-pour-femme\/"},"modified":"2025-10-08T14:11:50","modified_gmt":"2025-10-08T18:11:50","slug":"chandail-de-soccer-pour-femme","status":"publish","type":"product","link":"https:\/\/mnmsports.com\/fr\/produit\/chandail-de-soccer-pour-femme\/","title":{"rendered":"Chandail de soccer pour femme"},"content":{"rendered":"","protected":false},"excerpt":{"rendered":"<p>Le chandail de soccer pour femme est fabriqu\u00e9 dans un tissu respirant de haute qualit\u00e9, alliant confort et performance. Dot\u00e9 d\u2019une impression durable r\u00e9sistante \u00e0 la d\u00e9coloration, il comprend \u00e9galement des ajustements renforc\u00e9s sous les bras pour un ajustement plus pr\u00e9cis et confortable. <\/p>\n","protected":false},"featured_media":1568,"template":"","meta":[],"product_brand":[],"product_cat":[62],"product_tag":[80],"class_list":{"0":"post-1490","1":"product","2":"type-product","3":"status-publish","4":"has-post-thumbnail","6":"product_cat-soccer-fr","7":"product_tag-chandails","9":"first","10":"instock","11":"sold-individually","12":"shipping-taxable","13":"purchasable","14":"product-type-simple"},"_links":{"self":[{"href":"https:\/\/mnmsports.com\/fr\/wp-json\/wp\/v2\/product\/1490","targetHints":{"allow":["GET"]}}],"collection":[{"href":"https:\/\/mnmsports.com\/fr\/wp-json\/wp\/v2\/product"}],"about":[{"href":"https:\/\/mnmsports.com\/fr\/wp-json\/wp\/v2\/types\/product"}],"wp:featuredmedia":[{"embeddable":true,"href":"https:\/\/mnmsports.com\/fr\/wp-json\/wp\/v2\/media\/1568"}],"wp:attachment":[{"href":"https:\/\/mnmsports.com\/fr\/wp-json\/wp\/v2\/media?parent=1490"}],"wp:term":[{"taxonomy":"product_brand","embeddable":true,"href":"https:\/\/mnmsports.com\/fr\/wp-json\/wp\/v2\/product_brand?post=1490"},{"taxonomy":"product_cat","embeddable":true,"href":"https:\/\/mnmsports.com\/fr\/wp-json\/wp\/v2\/product_cat?post=1490"},{"taxonomy":"product_tag","embeddable":true,"href":"https:\/\/mnmsports.com\/fr\/wp-json\/wp\/v2\/product_tag?post=1490"}],"curies":[{"name":"wp","href":"https:\/\/api.w.org\/{rel}","templated":true}]}}