{"id":1489,"date":"2025-03-17T06:28:35","date_gmt":"2025-03-17T10:28:35","guid":{"rendered":"https:\/\/mnmsports.com\/product\/camisole-dathletisme-pour-homme\/"},"modified":"2025-10-08T14:21:30","modified_gmt":"2025-10-08T18:21:30","slug":"camisole-dathletisme-pour-homme","status":"publish","type":"product","link":"https:\/\/mnmsports.com\/fr\/produit\/camisole-dathletisme-pour-homme\/","title":{"rendered":"Camisole d\u2019athl\u00e9tisme pour homme"},"content":{"rendered":"","protected":false},"excerpt":{"rendered":"<p>Restez au frais et confortable avec notre camisole d\u2019athl\u00e9tisme pour homme, con\u00e7ue pour offrir une excellente respirabilit\u00e9 et une grande durabilit\u00e9. Dot\u00e9e d\u2019une impression durable r\u00e9sistante \u00e0 la d\u00e9coloration, elle est parfaite autant pour les entrainements intenses que pour une tenue d\u00e9contract\u00e9e. <\/p>\n","protected":false},"featured_media":1616,"template":"","meta":[],"product_brand":[],"product_cat":[63],"product_tag":[80],"class_list":{"0":"post-1489","1":"product","2":"type-product","3":"status-publish","4":"has-post-thumbnail","6":"product_cat-athletisme","7":"product_tag-chandails","9":"first","10":"instock","11":"sold-individually","12":"shipping-taxable","13":"purchasable","14":"product-type-simple"},"_links":{"self":[{"href":"https:\/\/mnmsports.com\/fr\/wp-json\/wp\/v2\/product\/1489","targetHints":{"allow":["GET"]}}],"collection":[{"href":"https:\/\/mnmsports.com\/fr\/wp-json\/wp\/v2\/product"}],"about":[{"href":"https:\/\/mnmsports.com\/fr\/wp-json\/wp\/v2\/types\/product"}],"wp:featuredmedia":[{"embeddable":true,"href":"https:\/\/mnmsports.com\/fr\/wp-json\/wp\/v2\/media\/1616"}],"wp:attachment":[{"href":"https:\/\/mnmsports.com\/fr\/wp-json\/wp\/v2\/media?parent=1489"}],"wp:term":[{"taxonomy":"product_brand","embeddable":true,"href":"https:\/\/mnmsports.com\/fr\/wp-json\/wp\/v2\/product_brand?post=1489"},{"taxonomy":"product_cat","embeddable":true,"href":"https:\/\/mnmsports.com\/fr\/wp-json\/wp\/v2\/product_cat?post=1489"},{"taxonomy":"product_tag","embeddable":true,"href":"https:\/\/mnmsports.com\/fr\/wp-json\/wp\/v2\/product_tag?post=1489"}],"curies":[{"name":"wp","href":"https:\/\/api.w.org\/{rel}","templated":true}]}}