{"id":1488,"date":"2025-03-17T06:28:35","date_gmt":"2025-03-17T10:28:35","guid":{"rendered":"https:\/\/mnmsports.com\/product\/chandail-darbitre\/"},"modified":"2025-10-08T14:44:42","modified_gmt":"2025-10-08T18:44:42","slug":"chandail-darbitre","status":"publish","type":"product","link":"https:\/\/mnmsports.com\/fr\/produit\/chandail-darbitre\/","title":{"rendered":"Chandail d&rsquo;arbitre"},"content":{"rendered":"","protected":false},"excerpt":{"rendered":"<p>Fabriqu\u00e9 d&rsquo;un tissu haut de gamme, le chandail d\u2019arbitre est dot\u00e9 de poignets ajustables et d\u2019une impression durable r\u00e9sistante \u00e0 la d\u00e9coloration, offrant confort et durabilit\u00e9 \u00e0 chaque match.<\/p>\n","protected":false},"featured_media":1738,"template":"","meta":[],"product_brand":[],"product_cat":[59],"product_tag":[80],"class_list":{"0":"post-1488","1":"product","2":"type-product","3":"status-publish","4":"has-post-thumbnail","6":"product_cat-hockey-fr","7":"product_tag-chandails","9":"first","10":"instock","11":"sold-individually","12":"shipping-taxable","13":"purchasable","14":"product-type-simple"},"_links":{"self":[{"href":"https:\/\/mnmsports.com\/fr\/wp-json\/wp\/v2\/product\/1488","targetHints":{"allow":["GET"]}}],"collection":[{"href":"https:\/\/mnmsports.com\/fr\/wp-json\/wp\/v2\/product"}],"about":[{"href":"https:\/\/mnmsports.com\/fr\/wp-json\/wp\/v2\/types\/product"}],"wp:featuredmedia":[{"embeddable":true,"href":"https:\/\/mnmsports.com\/fr\/wp-json\/wp\/v2\/media\/1738"}],"wp:attachment":[{"href":"https:\/\/mnmsports.com\/fr\/wp-json\/wp\/v2\/media?parent=1488"}],"wp:term":[{"taxonomy":"product_brand","embeddable":true,"href":"https:\/\/mnmsports.com\/fr\/wp-json\/wp\/v2\/product_brand?post=1488"},{"taxonomy":"product_cat","embeddable":true,"href":"https:\/\/mnmsports.com\/fr\/wp-json\/wp\/v2\/product_cat?post=1488"},{"taxonomy":"product_tag","embeddable":true,"href":"https:\/\/mnmsports.com\/fr\/wp-json\/wp\/v2\/product_tag?post=1488"}],"curies":[{"name":"wp","href":"https:\/\/api.w.org\/{rel}","templated":true}]}}