{"id":1487,"date":"2025-03-17T06:28:41","date_gmt":"2025-03-17T10:28:41","guid":{"rendered":"https:\/\/mnmsports.com\/product\/chandail-de-crosse-box\/"},"modified":"2025-10-08T14:24:33","modified_gmt":"2025-10-08T18:24:33","slug":"chandail-de-crosse-box","status":"publish","type":"product","link":"https:\/\/mnmsports.com\/fr\/produit\/chandail-de-crosse-box\/","title":{"rendered":"Chandail de crosse \u00ab\u00a0BOX\u00a0\u00bb"},"content":{"rendered":"","protected":false},"excerpt":{"rendered":"<p>Dominez le jeu avec notre chandail de crosse \u00ab BOX \u00bb, con\u00e7u pour la robustesse et le confort. Dot\u00e9 d\u2019\u00e9paules et de coudes doubl\u00e9s, ainsi que de coutures renforc\u00e9es sur les c\u00f4t\u00e9s et sous les manches, il est pens\u00e9 pour les matchs intenses et la performance \u00e0 haut niveau. <\/p>\n","protected":false},"featured_media":1612,"template":"","meta":[],"product_brand":[],"product_cat":[60],"product_tag":[80],"class_list":{"0":"post-1487","1":"product","2":"type-product","3":"status-publish","4":"has-post-thumbnail","6":"product_cat-lacrosse-fr","7":"product_tag-chandails","9":"first","10":"instock","11":"sold-individually","12":"shipping-taxable","13":"purchasable","14":"product-type-simple"},"_links":{"self":[{"href":"https:\/\/mnmsports.com\/fr\/wp-json\/wp\/v2\/product\/1487","targetHints":{"allow":["GET"]}}],"collection":[{"href":"https:\/\/mnmsports.com\/fr\/wp-json\/wp\/v2\/product"}],"about":[{"href":"https:\/\/mnmsports.com\/fr\/wp-json\/wp\/v2\/types\/product"}],"wp:featuredmedia":[{"embeddable":true,"href":"https:\/\/mnmsports.com\/fr\/wp-json\/wp\/v2\/media\/1612"}],"wp:attachment":[{"href":"https:\/\/mnmsports.com\/fr\/wp-json\/wp\/v2\/media?parent=1487"}],"wp:term":[{"taxonomy":"product_brand","embeddable":true,"href":"https:\/\/mnmsports.com\/fr\/wp-json\/wp\/v2\/product_brand?post=1487"},{"taxonomy":"product_cat","embeddable":true,"href":"https:\/\/mnmsports.com\/fr\/wp-json\/wp\/v2\/product_cat?post=1487"},{"taxonomy":"product_tag","embeddable":true,"href":"https:\/\/mnmsports.com\/fr\/wp-json\/wp\/v2\/product_tag?post=1487"}],"curies":[{"name":"wp","href":"https:\/\/api.w.org\/{rel}","templated":true}]}}