{"id":1486,"date":"2025-03-17T06:28:41","date_gmt":"2025-03-17T10:28:41","guid":{"rendered":"https:\/\/mnmsports.com\/product\/chandail-de-crosse-field\/"},"modified":"2025-10-08T14:24:32","modified_gmt":"2025-10-08T18:24:32","slug":"chandail-de-crosse-field","status":"publish","type":"product","link":"https:\/\/mnmsports.com\/fr\/produit\/chandail-de-crosse-field\/","title":{"rendered":"Chandail de crosse \u00ab\u00a0FIELD\u00a0\u00bb"},"content":{"rendered":"","protected":false},"excerpt":{"rendered":"<p>Donnez votre maximum avec notre chandail de crosse \u00ab FIELD \u00bb, con\u00e7u pour la durabilit\u00e9 et le confort. Il est dot\u00e9 d\u2019\u00e9paules et de coudes doubl\u00e9s, d\u2019un col en tricot c\u00f4tel\u00e9 surpiqu\u00e9 offert en trois couleurs, ainsi que de coutures renforc\u00e9es sur les c\u00f4t\u00e9s et sous les manches. Parfait pour les matchs intenses et les entrainements.  <\/p>\n","protected":false},"featured_media":1614,"template":"","meta":[],"product_brand":[],"product_cat":[60],"product_tag":[80],"class_list":{"0":"post-1486","1":"product","2":"type-product","3":"status-publish","4":"has-post-thumbnail","6":"product_cat-lacrosse-fr","7":"product_tag-chandails","9":"first","10":"instock","11":"sold-individually","12":"shipping-taxable","13":"purchasable","14":"product-type-simple"},"_links":{"self":[{"href":"https:\/\/mnmsports.com\/fr\/wp-json\/wp\/v2\/product\/1486","targetHints":{"allow":["GET"]}}],"collection":[{"href":"https:\/\/mnmsports.com\/fr\/wp-json\/wp\/v2\/product"}],"about":[{"href":"https:\/\/mnmsports.com\/fr\/wp-json\/wp\/v2\/types\/product"}],"wp:featuredmedia":[{"embeddable":true,"href":"https:\/\/mnmsports.com\/fr\/wp-json\/wp\/v2\/media\/1614"}],"wp:attachment":[{"href":"https:\/\/mnmsports.com\/fr\/wp-json\/wp\/v2\/media?parent=1486"}],"wp:term":[{"taxonomy":"product_brand","embeddable":true,"href":"https:\/\/mnmsports.com\/fr\/wp-json\/wp\/v2\/product_brand?post=1486"},{"taxonomy":"product_cat","embeddable":true,"href":"https:\/\/mnmsports.com\/fr\/wp-json\/wp\/v2\/product_cat?post=1486"},{"taxonomy":"product_tag","embeddable":true,"href":"https:\/\/mnmsports.com\/fr\/wp-json\/wp\/v2\/product_tag?post=1486"}],"curies":[{"name":"wp","href":"https:\/\/api.w.org\/{rel}","templated":true}]}}