{"id":1485,"date":"2025-03-17T06:28:42","date_gmt":"2025-03-17T10:28:42","guid":{"rendered":"https:\/\/mnmsports.com\/product\/polo-pour-femme\/"},"modified":"2025-10-08T15:00:27","modified_gmt":"2025-10-08T19:00:27","slug":"polo-pour-femme","status":"publish","type":"product","link":"https:\/\/mnmsports.com\/fr\/produit\/polo-pour-femme\/","title":{"rendered":"Polo pour femme"},"content":{"rendered":"","protected":false},"excerpt":{"rendered":"<p>Le polo pour femme offre une excellente respirabilit\u00e9 et une durabilit\u00e9 remarquable. Dot\u00e9 d\u2019une impression r\u00e9sistante \u00e0 la d\u00e9coloration, il est id\u00e9al autant pour un usage d\u00e9contract\u00e9 que pour les activit\u00e9s sportives. <\/p>\n","protected":false},"featured_media":1677,"template":"","meta":[],"product_brand":[],"product_cat":[53],"product_tag":[80],"class_list":{"0":"post-1485","1":"product","2":"type-product","3":"status-publish","4":"has-post-thumbnail","6":"product_cat-vetements-multisports","7":"product_tag-chandails","9":"first","10":"instock","11":"sold-individually","12":"shipping-taxable","13":"purchasable","14":"product-type-simple"},"_links":{"self":[{"href":"https:\/\/mnmsports.com\/fr\/wp-json\/wp\/v2\/product\/1485","targetHints":{"allow":["GET"]}}],"collection":[{"href":"https:\/\/mnmsports.com\/fr\/wp-json\/wp\/v2\/product"}],"about":[{"href":"https:\/\/mnmsports.com\/fr\/wp-json\/wp\/v2\/types\/product"}],"wp:featuredmedia":[{"embeddable":true,"href":"https:\/\/mnmsports.com\/fr\/wp-json\/wp\/v2\/media\/1677"}],"wp:attachment":[{"href":"https:\/\/mnmsports.com\/fr\/wp-json\/wp\/v2\/media?parent=1485"}],"wp:term":[{"taxonomy":"product_brand","embeddable":true,"href":"https:\/\/mnmsports.com\/fr\/wp-json\/wp\/v2\/product_brand?post=1485"},{"taxonomy":"product_cat","embeddable":true,"href":"https:\/\/mnmsports.com\/fr\/wp-json\/wp\/v2\/product_cat?post=1485"},{"taxonomy":"product_tag","embeddable":true,"href":"https:\/\/mnmsports.com\/fr\/wp-json\/wp\/v2\/product_tag?post=1485"}],"curies":[{"name":"wp","href":"https:\/\/api.w.org\/{rel}","templated":true}]}}