{"id":1483,"date":"2025-03-17T06:28:42","date_gmt":"2025-03-17T10:28:42","guid":{"rendered":"https:\/\/mnmsports.com\/product\/short-longue-femme\/"},"modified":"2025-10-08T14:31:24","modified_gmt":"2025-10-08T18:31:24","slug":"short-longue-femme","status":"publish","type":"product","link":"https:\/\/mnmsports.com\/fr\/produit\/short-longue-femme\/","title":{"rendered":"Short longue femme"},"content":{"rendered":"","protected":false},"excerpt":{"rendered":"<p>Restez au frais et confortable avec notre short longue pour femme, con\u00e7u pour offrir respirabilit\u00e9 et durabilit\u00e9. Dot\u00e9 d\u2019une impression r\u00e9sistante \u00e0 la d\u00e9coloration, d\u2019une taille \u00e9lastique et d\u2019un cordon de serrage ajustable, il procure un ajustement parfait pour le basketball ou toute activit\u00e9 sportive. <\/p>\n","protected":false},"featured_media":1638,"template":"","meta":[],"product_brand":[],"product_cat":[56,60],"product_tag":[82],"class_list":{"0":"post-1483","1":"product","2":"type-product","3":"status-publish","4":"has-post-thumbnail","6":"product_cat-basketball-fr","7":"product_cat-lacrosse-fr","8":"product_tag-shorts-fr","10":"first","11":"instock","12":"sold-individually","13":"shipping-taxable","14":"purchasable","15":"product-type-simple"},"_links":{"self":[{"href":"https:\/\/mnmsports.com\/fr\/wp-json\/wp\/v2\/product\/1483","targetHints":{"allow":["GET"]}}],"collection":[{"href":"https:\/\/mnmsports.com\/fr\/wp-json\/wp\/v2\/product"}],"about":[{"href":"https:\/\/mnmsports.com\/fr\/wp-json\/wp\/v2\/types\/product"}],"wp:featuredmedia":[{"embeddable":true,"href":"https:\/\/mnmsports.com\/fr\/wp-json\/wp\/v2\/media\/1638"}],"wp:attachment":[{"href":"https:\/\/mnmsports.com\/fr\/wp-json\/wp\/v2\/media?parent=1483"}],"wp:term":[{"taxonomy":"product_brand","embeddable":true,"href":"https:\/\/mnmsports.com\/fr\/wp-json\/wp\/v2\/product_brand?post=1483"},{"taxonomy":"product_cat","embeddable":true,"href":"https:\/\/mnmsports.com\/fr\/wp-json\/wp\/v2\/product_cat?post=1483"},{"taxonomy":"product_tag","embeddable":true,"href":"https:\/\/mnmsports.com\/fr\/wp-json\/wp\/v2\/product_tag?post=1483"}],"curies":[{"name":"wp","href":"https:\/\/api.w.org\/{rel}","templated":true}]}}