{"id":1482,"date":"2025-03-17T06:28:41","date_gmt":"2025-03-17T10:28:41","guid":{"rendered":"https:\/\/mnmsports.com\/product\/pantalon-de-ringuette\/"},"modified":"2025-10-08T14:44:39","modified_gmt":"2025-10-08T18:44:39","slug":"pantalon-de-ringuette","status":"publish","type":"product","link":"https:\/\/mnmsports.com\/fr\/produit\/pantalon-de-ringuette\/","title":{"rendered":"Pantalon de ringuette"},"content":{"rendered":"","protected":false},"excerpt":{"rendered":"<p>Restez agile et confortable avec notre pantalon de ringuette, fabriqu\u00e9 d&rsquo;un tissu l\u00e9ger, souple et durable. Dot\u00e9 de goussets doux \u00e0 l\u2019entrejambe et aux jambes, d\u2019une ceinture ajustable et, en option, des genoux renforc\u00e9s pour une durabilit\u00e9 accrue. Parfait pour la performance et la libert\u00e9 de mouvement.  <\/p>\n","protected":false},"featured_media":1718,"template":"","meta":[],"product_brand":[],"product_cat":[57,61],"product_tag":[84],"class_list":{"0":"post-1482","1":"product","2":"type-product","3":"status-publish","4":"has-post-thumbnail","6":"product_cat-ballon-balai","7":"product_cat-ringuette","8":"product_tag-pantalons","10":"first","11":"instock","12":"sold-individually","13":"shipping-taxable","14":"purchasable","15":"product-type-simple"},"_links":{"self":[{"href":"https:\/\/mnmsports.com\/fr\/wp-json\/wp\/v2\/product\/1482","targetHints":{"allow":["GET"]}}],"collection":[{"href":"https:\/\/mnmsports.com\/fr\/wp-json\/wp\/v2\/product"}],"about":[{"href":"https:\/\/mnmsports.com\/fr\/wp-json\/wp\/v2\/types\/product"}],"wp:featuredmedia":[{"embeddable":true,"href":"https:\/\/mnmsports.com\/fr\/wp-json\/wp\/v2\/media\/1718"}],"wp:attachment":[{"href":"https:\/\/mnmsports.com\/fr\/wp-json\/wp\/v2\/media?parent=1482"}],"wp:term":[{"taxonomy":"product_brand","embeddable":true,"href":"https:\/\/mnmsports.com\/fr\/wp-json\/wp\/v2\/product_brand?post=1482"},{"taxonomy":"product_cat","embeddable":true,"href":"https:\/\/mnmsports.com\/fr\/wp-json\/wp\/v2\/product_cat?post=1482"},{"taxonomy":"product_tag","embeddable":true,"href":"https:\/\/mnmsports.com\/fr\/wp-json\/wp\/v2\/product_tag?post=1482"}],"curies":[{"name":"wp","href":"https:\/\/api.w.org\/{rel}","templated":true}]}}