{"id":1480,"date":"2025-03-17T06:28:42","date_gmt":"2025-03-17T10:28:42","guid":{"rendered":"https:\/\/mnmsports.com\/product\/chandail-de-crosse-box-gardien\/"},"modified":"2025-10-08T14:24:39","modified_gmt":"2025-10-08T18:24:39","slug":"chandail-de-crosse-box-gardien","status":"publish","type":"product","link":"https:\/\/mnmsports.com\/fr\/produit\/chandail-de-crosse-box-gardien\/","title":{"rendered":"Chandail de crosse \u00ab\u00a0BOX\u00a0\u00bb Gardien"},"content":{"rendered":"","protected":false},"excerpt":{"rendered":"<p>Restez prot\u00e9g\u00e9 et confortable avec notre chandail de crosse \u00ab\u00a0BOX\u00a0\u00bb gardien. Con\u00e7u avec des \u00e9paules et des coudes doubl\u00e9s, ainsi que des coutures renforc\u00e9es sur les c\u00f4t\u00e9s et sous les manches, il offre durabilit\u00e9 et flexibilit\u00e9 pour les gardiens en action. <\/p>\n","protected":false},"featured_media":1606,"template":"","meta":[],"product_brand":[],"product_cat":[60],"product_tag":[80],"class_list":{"0":"post-1480","1":"product","2":"type-product","3":"status-publish","4":"has-post-thumbnail","6":"product_cat-lacrosse-fr","7":"product_tag-chandails","9":"first","10":"instock","11":"sold-individually","12":"shipping-taxable","13":"purchasable","14":"product-type-simple"},"_links":{"self":[{"href":"https:\/\/mnmsports.com\/fr\/wp-json\/wp\/v2\/product\/1480","targetHints":{"allow":["GET"]}}],"collection":[{"href":"https:\/\/mnmsports.com\/fr\/wp-json\/wp\/v2\/product"}],"about":[{"href":"https:\/\/mnmsports.com\/fr\/wp-json\/wp\/v2\/types\/product"}],"wp:featuredmedia":[{"embeddable":true,"href":"https:\/\/mnmsports.com\/fr\/wp-json\/wp\/v2\/media\/1606"}],"wp:attachment":[{"href":"https:\/\/mnmsports.com\/fr\/wp-json\/wp\/v2\/media?parent=1480"}],"wp:term":[{"taxonomy":"product_brand","embeddable":true,"href":"https:\/\/mnmsports.com\/fr\/wp-json\/wp\/v2\/product_brand?post=1480"},{"taxonomy":"product_cat","embeddable":true,"href":"https:\/\/mnmsports.com\/fr\/wp-json\/wp\/v2\/product_cat?post=1480"},{"taxonomy":"product_tag","embeddable":true,"href":"https:\/\/mnmsports.com\/fr\/wp-json\/wp\/v2\/product_tag?post=1480"}],"curies":[{"name":"wp","href":"https:\/\/api.w.org\/{rel}","templated":true}]}}