{"id":1479,"date":"2025-03-17T06:28:43","date_gmt":"2025-03-17T10:28:43","guid":{"rendered":"https:\/\/mnmsports.com\/product\/chandail-de-compression\/"},"modified":"2025-10-08T15:54:57","modified_gmt":"2025-10-08T19:54:57","slug":"chandail-de-compression","status":"publish","type":"product","link":"https:\/\/mnmsports.com\/fr\/produit\/chandail-de-compression\/","title":{"rendered":"Chandail de compression"},"content":{"rendered":"","protected":false},"excerpt":{"rendered":"<p>Le chandail de compression offre un confort sup\u00e9rieur gr\u00e2ce \u00e0 ses coutures plates et \u00e0 son tissu de haute qualit\u00e9. Son impression r\u00e9sistante \u00e0 la d\u00e9coloration garantit un style durable, parfait pour les activit\u00e9s intenses et la performance. <\/p>\n","protected":false},"featured_media":1568,"template":"","meta":[],"product_brand":[],"product_cat":[53],"product_tag":[80],"class_list":{"0":"post-1479","1":"product","2":"type-product","3":"status-publish","4":"has-post-thumbnail","6":"product_cat-vetements-multisports","7":"product_tag-chandails","9":"first","10":"instock","11":"sold-individually","12":"shipping-taxable","13":"purchasable","14":"product-type-simple"},"_links":{"self":[{"href":"https:\/\/mnmsports.com\/fr\/wp-json\/wp\/v2\/product\/1479","targetHints":{"allow":["GET"]}}],"collection":[{"href":"https:\/\/mnmsports.com\/fr\/wp-json\/wp\/v2\/product"}],"about":[{"href":"https:\/\/mnmsports.com\/fr\/wp-json\/wp\/v2\/types\/product"}],"wp:featuredmedia":[{"embeddable":true,"href":"https:\/\/mnmsports.com\/fr\/wp-json\/wp\/v2\/media\/1568"}],"wp:attachment":[{"href":"https:\/\/mnmsports.com\/fr\/wp-json\/wp\/v2\/media?parent=1479"}],"wp:term":[{"taxonomy":"product_brand","embeddable":true,"href":"https:\/\/mnmsports.com\/fr\/wp-json\/wp\/v2\/product_brand?post=1479"},{"taxonomy":"product_cat","embeddable":true,"href":"https:\/\/mnmsports.com\/fr\/wp-json\/wp\/v2\/product_cat?post=1479"},{"taxonomy":"product_tag","embeddable":true,"href":"https:\/\/mnmsports.com\/fr\/wp-json\/wp\/v2\/product_tag?post=1479"}],"curies":[{"name":"wp","href":"https:\/\/api.w.org\/{rel}","templated":true}]}}