{"id":1478,"date":"2025-03-17T06:28:43","date_gmt":"2025-03-17T10:28:43","guid":{"rendered":"https:\/\/mnmsports.com\/product\/chemise-a-manches-courtes\/"},"modified":"2025-10-08T15:54:51","modified_gmt":"2025-10-08T19:54:51","slug":"chemise-a-manches-courtes","status":"publish","type":"product","link":"https:\/\/mnmsports.com\/fr\/produit\/chemise-a-manches-courtes\/","title":{"rendered":"Chemise \u00e0 manches courtes"},"content":{"rendered":"","protected":false},"excerpt":{"rendered":"<p>Cette chemise \u00e0 manches courtes est con\u00e7ue pour le confort gr\u00e2ce \u00e0 un tissu respirant et une construction durable. Son impression r\u00e9sistante \u00e0 la d\u00e9coloration assure un look impeccable dans le temps, parfait autant pour un usage actif que d\u00e9contract\u00e9. <\/p>\n","protected":false},"featured_media":1716,"template":"","meta":[],"product_brand":[],"product_cat":[53],"product_tag":[94],"class_list":{"0":"post-1478","1":"product","2":"type-product","3":"status-publish","4":"has-post-thumbnail","6":"product_cat-vetements-multisports","7":"product_tag-multisports-fr","9":"first","10":"instock","11":"sold-individually","12":"shipping-taxable","13":"purchasable","14":"product-type-simple"},"_links":{"self":[{"href":"https:\/\/mnmsports.com\/fr\/wp-json\/wp\/v2\/product\/1478","targetHints":{"allow":["GET"]}}],"collection":[{"href":"https:\/\/mnmsports.com\/fr\/wp-json\/wp\/v2\/product"}],"about":[{"href":"https:\/\/mnmsports.com\/fr\/wp-json\/wp\/v2\/types\/product"}],"wp:featuredmedia":[{"embeddable":true,"href":"https:\/\/mnmsports.com\/fr\/wp-json\/wp\/v2\/media\/1716"}],"wp:attachment":[{"href":"https:\/\/mnmsports.com\/fr\/wp-json\/wp\/v2\/media?parent=1478"}],"wp:term":[{"taxonomy":"product_brand","embeddable":true,"href":"https:\/\/mnmsports.com\/fr\/wp-json\/wp\/v2\/product_brand?post=1478"},{"taxonomy":"product_cat","embeddable":true,"href":"https:\/\/mnmsports.com\/fr\/wp-json\/wp\/v2\/product_cat?post=1478"},{"taxonomy":"product_tag","embeddable":true,"href":"https:\/\/mnmsports.com\/fr\/wp-json\/wp\/v2\/product_tag?post=1478"}],"curies":[{"name":"wp","href":"https:\/\/api.w.org\/{rel}","templated":true}]}}