{"id":1477,"date":"2025-03-17T06:28:43","date_gmt":"2025-03-17T10:28:43","guid":{"rendered":"https:\/\/mnmsports.com\/product\/kangourou-avec-poches\/"},"modified":"2025-10-08T15:00:16","modified_gmt":"2025-10-08T19:00:16","slug":"kangourou-avec-poches","status":"publish","type":"product","link":"https:\/\/mnmsports.com\/fr\/produit\/kangourou-avec-poches\/","title":{"rendered":"Kangourou avec poches"},"content":{"rendered":"","protected":false},"excerpt":{"rendered":"<p>Le kangourou avec poches est confectionn\u00e9 \u00e0 partir d&rsquo;un tissu doux et durable pour un confort optimal. Il est dot\u00e9 de poignets ajust\u00e9s, d\u2019une poche \u00e0 l\u2019avant et d\u2019une impression r\u00e9sistante \u00e0 la d\u00e9coloration, parfait pour un usage quotidien et un style durable. <\/p>\n","protected":false},"featured_media":1663,"template":"","meta":[],"product_brand":[],"product_cat":[63,57,55,56,58,59,60,61,62,53,64],"product_tag":[92],"class_list":{"0":"post-1477","1":"product","2":"type-product","3":"status-publish","4":"has-post-thumbnail","6":"product_cat-athletisme","7":"product_cat-ballon-balai","8":"product_cat-baseball-fr","9":"product_cat-basketball-fr","10":"product_cat-dek-fr","11":"product_cat-hockey-fr","12":"product_cat-lacrosse-fr","13":"product_cat-ringuette","14":"product_cat-soccer-fr","15":"product_cat-vetements-multisports","16":"product_cat-volleyball-fr","17":"product_tag-kangourous","19":"first","20":"instock","21":"sold-individually","22":"shipping-taxable","23":"purchasable","24":"product-type-simple"},"_links":{"self":[{"href":"https:\/\/mnmsports.com\/fr\/wp-json\/wp\/v2\/product\/1477","targetHints":{"allow":["GET"]}}],"collection":[{"href":"https:\/\/mnmsports.com\/fr\/wp-json\/wp\/v2\/product"}],"about":[{"href":"https:\/\/mnmsports.com\/fr\/wp-json\/wp\/v2\/types\/product"}],"wp:featuredmedia":[{"embeddable":true,"href":"https:\/\/mnmsports.com\/fr\/wp-json\/wp\/v2\/media\/1663"}],"wp:attachment":[{"href":"https:\/\/mnmsports.com\/fr\/wp-json\/wp\/v2\/media?parent=1477"}],"wp:term":[{"taxonomy":"product_brand","embeddable":true,"href":"https:\/\/mnmsports.com\/fr\/wp-json\/wp\/v2\/product_brand?post=1477"},{"taxonomy":"product_cat","embeddable":true,"href":"https:\/\/mnmsports.com\/fr\/wp-json\/wp\/v2\/product_cat?post=1477"},{"taxonomy":"product_tag","embeddable":true,"href":"https:\/\/mnmsports.com\/fr\/wp-json\/wp\/v2\/product_tag?post=1477"}],"curies":[{"name":"wp","href":"https:\/\/api.w.org\/{rel}","templated":true}]}}