{"id":1474,"date":"2025-03-17T06:28:43","date_gmt":"2025-03-17T10:28:43","guid":{"rendered":"https:\/\/mnmsports.com\/product\/veste-de-tracksuit\/"},"modified":"2025-10-08T15:00:46","modified_gmt":"2025-10-08T19:00:46","slug":"veste-de-tracksuit","status":"publish","type":"product","link":"https:\/\/mnmsports.com\/fr\/produit\/veste-de-tracksuit\/","title":{"rendered":"Veste de Tracksuit"},"content":{"rendered":"","protected":false},"excerpt":{"rendered":"<p>La veste de Tracksuit est fabriqu\u00e9 en polyester de haute qualit\u00e9 avec une doublure int\u00e9rieure offrant une meilleure ventilation et un confort accru. Elle est dot\u00e9 de deux poches lat\u00e9rales \u00e0 fermeture \u00e9clair, de sangles Velcro ajustables aux poignets, ainsi que d\u2019une impression r\u00e9sistante \u00e0 la d\u00e9coloration. Con\u00e7u pour offrir performance et style durables. <\/p>\n","protected":false},"featured_media":1671,"template":"","meta":[],"product_brand":[],"product_cat":[63,53],"product_tag":[104],"class_list":{"0":"post-1474","1":"product","2":"type-product","3":"status-publish","4":"has-post-thumbnail","6":"product_cat-athletisme","7":"product_cat-vetements-multisports","8":"product_tag-tracksuit-fr","10":"first","11":"instock","12":"sold-individually","13":"shipping-taxable","14":"purchasable","15":"product-type-simple"},"_links":{"self":[{"href":"https:\/\/mnmsports.com\/fr\/wp-json\/wp\/v2\/product\/1474","targetHints":{"allow":["GET"]}}],"collection":[{"href":"https:\/\/mnmsports.com\/fr\/wp-json\/wp\/v2\/product"}],"about":[{"href":"https:\/\/mnmsports.com\/fr\/wp-json\/wp\/v2\/types\/product"}],"wp:featuredmedia":[{"embeddable":true,"href":"https:\/\/mnmsports.com\/fr\/wp-json\/wp\/v2\/media\/1671"}],"wp:attachment":[{"href":"https:\/\/mnmsports.com\/fr\/wp-json\/wp\/v2\/media?parent=1474"}],"wp:term":[{"taxonomy":"product_brand","embeddable":true,"href":"https:\/\/mnmsports.com\/fr\/wp-json\/wp\/v2\/product_brand?post=1474"},{"taxonomy":"product_cat","embeddable":true,"href":"https:\/\/mnmsports.com\/fr\/wp-json\/wp\/v2\/product_cat?post=1474"},{"taxonomy":"product_tag","embeddable":true,"href":"https:\/\/mnmsports.com\/fr\/wp-json\/wp\/v2\/product_tag?post=1474"}],"curies":[{"name":"wp","href":"https:\/\/api.w.org\/{rel}","templated":true}]}}