{"id":1473,"date":"2025-03-17T06:28:44","date_gmt":"2025-03-17T10:28:44","guid":{"rendered":"https:\/\/mnmsports.com\/product\/pull-col-rond-coton-ouate\/"},"modified":"2025-10-08T15:00:39","modified_gmt":"2025-10-08T19:00:39","slug":"pull-col-rond-coton-ouate","status":"publish","type":"product","link":"https:\/\/mnmsports.com\/fr\/produit\/pull-col-rond-coton-ouate\/","title":{"rendered":"Pull col rond (Coton ouat\u00e9)"},"content":{"rendered":"","protected":false},"excerpt":{"rendered":"<p>Pull col rond (coton ouat\u00e9) personnalisable, imprim\u00e9 par sublimation pour un rendu de haute qualit\u00e9 et durable.<\/p>\n","protected":false},"featured_media":1746,"template":"","meta":[],"product_brand":[],"product_cat":[53],"product_tag":[94],"class_list":{"0":"post-1473","1":"product","2":"type-product","3":"status-publish","4":"has-post-thumbnail","6":"product_cat-vetements-multisports","7":"product_tag-multisports-fr","9":"first","10":"instock","11":"sold-individually","12":"shipping-taxable","13":"purchasable","14":"product-type-simple"},"_links":{"self":[{"href":"https:\/\/mnmsports.com\/fr\/wp-json\/wp\/v2\/product\/1473","targetHints":{"allow":["GET"]}}],"collection":[{"href":"https:\/\/mnmsports.com\/fr\/wp-json\/wp\/v2\/product"}],"about":[{"href":"https:\/\/mnmsports.com\/fr\/wp-json\/wp\/v2\/types\/product"}],"wp:featuredmedia":[{"embeddable":true,"href":"https:\/\/mnmsports.com\/fr\/wp-json\/wp\/v2\/media\/1746"}],"wp:attachment":[{"href":"https:\/\/mnmsports.com\/fr\/wp-json\/wp\/v2\/media?parent=1473"}],"wp:term":[{"taxonomy":"product_brand","embeddable":true,"href":"https:\/\/mnmsports.com\/fr\/wp-json\/wp\/v2\/product_brand?post=1473"},{"taxonomy":"product_cat","embeddable":true,"href":"https:\/\/mnmsports.com\/fr\/wp-json\/wp\/v2\/product_cat?post=1473"},{"taxonomy":"product_tag","embeddable":true,"href":"https:\/\/mnmsports.com\/fr\/wp-json\/wp\/v2\/product_tag?post=1473"}],"curies":[{"name":"wp","href":"https:\/\/api.w.org\/{rel}","templated":true}]}}