{"id":1469,"date":"2025-03-17T06:28:44","date_gmt":"2025-03-17T10:28:44","guid":{"rendered":"https:\/\/mnmsports.com\/product\/leggings\/"},"modified":"2025-10-08T15:00:55","modified_gmt":"2025-10-08T19:00:55","slug":"leggings","status":"publish","type":"product","link":"https:\/\/mnmsports.com\/fr\/produit\/leggings\/","title":{"rendered":"Leggings"},"content":{"rendered":"","protected":false},"excerpt":{"rendered":"<p>Nos leggings sont confectionn\u00e9s \u00e0 partir d\u2019un tissu compress\u00e9 de haute qualit\u00e9 pour un maintien confortable et ajust\u00e9. Dot\u00e9s de coutures plates pour un confort accru et d\u2019une impression durable r\u00e9sistante \u00e0 la d\u00e9coloration, ils sont con\u00e7us pour offrir performance et style durables. <\/p>\n","protected":false},"featured_media":1732,"template":"","meta":[],"product_brand":[],"product_cat":[53],"product_tag":[94],"class_list":{"0":"post-1469","1":"product","2":"type-product","3":"status-publish","4":"has-post-thumbnail","6":"product_cat-vetements-multisports","7":"product_tag-multisports-fr","9":"first","10":"instock","11":"sold-individually","12":"shipping-taxable","13":"purchasable","14":"product-type-simple"},"_links":{"self":[{"href":"https:\/\/mnmsports.com\/fr\/wp-json\/wp\/v2\/product\/1469","targetHints":{"allow":["GET"]}}],"collection":[{"href":"https:\/\/mnmsports.com\/fr\/wp-json\/wp\/v2\/product"}],"about":[{"href":"https:\/\/mnmsports.com\/fr\/wp-json\/wp\/v2\/types\/product"}],"wp:featuredmedia":[{"embeddable":true,"href":"https:\/\/mnmsports.com\/fr\/wp-json\/wp\/v2\/media\/1732"}],"wp:attachment":[{"href":"https:\/\/mnmsports.com\/fr\/wp-json\/wp\/v2\/media?parent=1469"}],"wp:term":[{"taxonomy":"product_brand","embeddable":true,"href":"https:\/\/mnmsports.com\/fr\/wp-json\/wp\/v2\/product_brand?post=1469"},{"taxonomy":"product_cat","embeddable":true,"href":"https:\/\/mnmsports.com\/fr\/wp-json\/wp\/v2\/product_cat?post=1469"},{"taxonomy":"product_tag","embeddable":true,"href":"https:\/\/mnmsports.com\/fr\/wp-json\/wp\/v2\/product_tag?post=1469"}],"curies":[{"name":"wp","href":"https:\/\/api.w.org\/{rel}","templated":true}]}}