{"id":1468,"date":"2025-03-17T06:28:44","date_gmt":"2025-03-17T10:28:44","guid":{"rendered":"https:\/\/mnmsports.com\/product\/pantalon-de-sport\/"},"modified":"2025-10-08T15:00:34","modified_gmt":"2025-10-08T19:00:34","slug":"pantalon-de-sport","status":"publish","type":"product","link":"https:\/\/mnmsports.com\/fr\/produit\/pantalon-de-sport\/","title":{"rendered":"Pantalon de sport"},"content":{"rendered":"","protected":false},"excerpt":{"rendered":"<p>Le pantalon de sport est fabriqu\u00e9 d&rsquo;un tissu de premi\u00e8re qualit\u00e9 100% Polytechno fleece pour assurer confort et durabilit\u00e9. Il est dot\u00e9 d\u2019une ceinture \u00e9lastique avec cordon de serrage ajustable et de bandes \u00e9lastiques aux chevilles, offrant un ajustement parfait pour les activit\u00e9s sportives. <\/p>\n","protected":false},"featured_media":1744,"template":"","meta":[],"product_brand":[],"product_cat":[63,57,55,56,58,59,60,61,62,53,64],"product_tag":[94],"class_list":{"0":"post-1468","1":"product","2":"type-product","3":"status-publish","4":"has-post-thumbnail","6":"product_cat-athletisme","7":"product_cat-ballon-balai","8":"product_cat-baseball-fr","9":"product_cat-basketball-fr","10":"product_cat-dek-fr","11":"product_cat-hockey-fr","12":"product_cat-lacrosse-fr","13":"product_cat-ringuette","14":"product_cat-soccer-fr","15":"product_cat-vetements-multisports","16":"product_cat-volleyball-fr","17":"product_tag-multisports-fr","19":"first","20":"instock","21":"sold-individually","22":"shipping-taxable","23":"purchasable","24":"product-type-simple"},"_links":{"self":[{"href":"https:\/\/mnmsports.com\/fr\/wp-json\/wp\/v2\/product\/1468","targetHints":{"allow":["GET"]}}],"collection":[{"href":"https:\/\/mnmsports.com\/fr\/wp-json\/wp\/v2\/product"}],"about":[{"href":"https:\/\/mnmsports.com\/fr\/wp-json\/wp\/v2\/types\/product"}],"wp:featuredmedia":[{"embeddable":true,"href":"https:\/\/mnmsports.com\/fr\/wp-json\/wp\/v2\/media\/1744"}],"wp:attachment":[{"href":"https:\/\/mnmsports.com\/fr\/wp-json\/wp\/v2\/media?parent=1468"}],"wp:term":[{"taxonomy":"product_brand","embeddable":true,"href":"https:\/\/mnmsports.com\/fr\/wp-json\/wp\/v2\/product_brand?post=1468"},{"taxonomy":"product_cat","embeddable":true,"href":"https:\/\/mnmsports.com\/fr\/wp-json\/wp\/v2\/product_cat?post=1468"},{"taxonomy":"product_tag","embeddable":true,"href":"https:\/\/mnmsports.com\/fr\/wp-json\/wp\/v2\/product_tag?post=1468"}],"curies":[{"name":"wp","href":"https:\/\/api.w.org\/{rel}","templated":true}]}}