{"id":1467,"date":"2025-03-17T06:28:44","date_gmt":"2025-03-17T10:28:44","guid":{"rendered":"https:\/\/mnmsports.com\/product\/dossard-multisport\/"},"modified":"2025-10-08T15:54:36","modified_gmt":"2025-10-08T19:54:36","slug":"dossard-multisport","status":"publish","type":"product","link":"https:\/\/mnmsports.com\/fr\/produit\/dossard-multisport\/","title":{"rendered":"Dossard multisport"},"content":{"rendered":"","protected":false},"excerpt":{"rendered":"<p>Le dossard multisport est con\u00e7u pour un ajustement confortable et pr\u00e8s du corps, fabriqu\u00e9 en tissu extensible offrant flexibilit\u00e9 et durabilit\u00e9. Parfait pour tous les sports actifs. <\/p>\n","protected":false},"featured_media":1728,"template":"","meta":[],"product_brand":[],"product_cat":[53],"product_tag":[94],"class_list":{"0":"post-1467","1":"product","2":"type-product","3":"status-publish","4":"has-post-thumbnail","6":"product_cat-vetements-multisports","7":"product_tag-multisports-fr","9":"first","10":"instock","11":"sold-individually","12":"shipping-taxable","13":"purchasable","14":"product-type-simple"},"_links":{"self":[{"href":"https:\/\/mnmsports.com\/fr\/wp-json\/wp\/v2\/product\/1467","targetHints":{"allow":["GET"]}}],"collection":[{"href":"https:\/\/mnmsports.com\/fr\/wp-json\/wp\/v2\/product"}],"about":[{"href":"https:\/\/mnmsports.com\/fr\/wp-json\/wp\/v2\/types\/product"}],"wp:featuredmedia":[{"embeddable":true,"href":"https:\/\/mnmsports.com\/fr\/wp-json\/wp\/v2\/media\/1728"}],"wp:attachment":[{"href":"https:\/\/mnmsports.com\/fr\/wp-json\/wp\/v2\/media?parent=1467"}],"wp:term":[{"taxonomy":"product_brand","embeddable":true,"href":"https:\/\/mnmsports.com\/fr\/wp-json\/wp\/v2\/product_brand?post=1467"},{"taxonomy":"product_cat","embeddable":true,"href":"https:\/\/mnmsports.com\/fr\/wp-json\/wp\/v2\/product_cat?post=1467"},{"taxonomy":"product_tag","embeddable":true,"href":"https:\/\/mnmsports.com\/fr\/wp-json\/wp\/v2\/product_tag?post=1467"}],"curies":[{"name":"wp","href":"https:\/\/api.w.org\/{rel}","templated":true}]}}