{"id":1465,"date":"2025-03-17T06:28:44","date_gmt":"2025-03-17T10:28:44","guid":{"rendered":"https:\/\/mnmsports.com\/product\/pantalons-de-tracksuit\/"},"modified":"2025-10-08T15:00:53","modified_gmt":"2025-10-08T19:00:53","slug":"pantalons-de-tracksuit","status":"publish","type":"product","link":"https:\/\/mnmsports.com\/fr\/produit\/pantalons-de-tracksuit\/","title":{"rendered":"Pantalons de Tracksuit"},"content":{"rendered":"","protected":false},"excerpt":{"rendered":"<p>Le pantalon de Tracksuit est fabriqu\u00e9 en polyester de haute qualit\u00e9 pour un confort et une durabilit\u00e9 accrus. Il est dot\u00e9 de fermetures \u00e9clair au bas des jambes pour plus de commodit\u00e9, ainsi que d\u2019une impression r\u00e9sistante \u00e0 la d\u00e9coloration, assurant performance et style durables. <\/p>\n","protected":false},"featured_media":1673,"template":"","meta":[],"product_brand":[],"product_cat":[63,53],"product_tag":[104],"class_list":{"0":"post-1465","1":"product","2":"type-product","3":"status-publish","4":"has-post-thumbnail","6":"product_cat-athletisme","7":"product_cat-vetements-multisports","8":"product_tag-tracksuit-fr","10":"first","11":"instock","12":"sold-individually","13":"shipping-taxable","14":"purchasable","15":"product-type-simple"},"_links":{"self":[{"href":"https:\/\/mnmsports.com\/fr\/wp-json\/wp\/v2\/product\/1465","targetHints":{"allow":["GET"]}}],"collection":[{"href":"https:\/\/mnmsports.com\/fr\/wp-json\/wp\/v2\/product"}],"about":[{"href":"https:\/\/mnmsports.com\/fr\/wp-json\/wp\/v2\/types\/product"}],"wp:featuredmedia":[{"embeddable":true,"href":"https:\/\/mnmsports.com\/fr\/wp-json\/wp\/v2\/media\/1673"}],"wp:attachment":[{"href":"https:\/\/mnmsports.com\/fr\/wp-json\/wp\/v2\/media?parent=1465"}],"wp:term":[{"taxonomy":"product_brand","embeddable":true,"href":"https:\/\/mnmsports.com\/fr\/wp-json\/wp\/v2\/product_brand?post=1465"},{"taxonomy":"product_cat","embeddable":true,"href":"https:\/\/mnmsports.com\/fr\/wp-json\/wp\/v2\/product_cat?post=1465"},{"taxonomy":"product_tag","embeddable":true,"href":"https:\/\/mnmsports.com\/fr\/wp-json\/wp\/v2\/product_tag?post=1465"}],"curies":[{"name":"wp","href":"https:\/\/api.w.org\/{rel}","templated":true}]}}