{"id":1464,"date":"2025-03-17T06:28:44","date_gmt":"2025-03-17T10:28:44","guid":{"rendered":"https:\/\/mnmsports.com\/product\/dossard-ajuste-ski\/"},"modified":"2025-10-08T15:54:45","modified_gmt":"2025-10-08T19:54:45","slug":"dossard-ajuste-ski","status":"publish","type":"product","link":"https:\/\/mnmsports.com\/fr\/produit\/dossard-ajuste-ski\/","title":{"rendered":"Dossard ajust\u00e9 (ski)"},"content":{"rendered":"","protected":false},"excerpt":{"rendered":"<p>Le dossard ajust\u00e9 (ski) pr\u00e9sente un design plus petit et plus cintr\u00e9 pour un ajustement pr\u00e8s du corps et confortable, id\u00e9al pour le ski et autres sports actifs.<\/p>\n","protected":false},"featured_media":1726,"template":"","meta":[],"product_brand":[],"product_cat":[53],"product_tag":[94],"class_list":{"0":"post-1464","1":"product","2":"type-product","3":"status-publish","4":"has-post-thumbnail","6":"product_cat-vetements-multisports","7":"product_tag-multisports-fr","9":"first","10":"instock","11":"sold-individually","12":"shipping-taxable","13":"purchasable","14":"product-type-simple"},"_links":{"self":[{"href":"https:\/\/mnmsports.com\/fr\/wp-json\/wp\/v2\/product\/1464","targetHints":{"allow":["GET"]}}],"collection":[{"href":"https:\/\/mnmsports.com\/fr\/wp-json\/wp\/v2\/product"}],"about":[{"href":"https:\/\/mnmsports.com\/fr\/wp-json\/wp\/v2\/types\/product"}],"wp:featuredmedia":[{"embeddable":true,"href":"https:\/\/mnmsports.com\/fr\/wp-json\/wp\/v2\/media\/1726"}],"wp:attachment":[{"href":"https:\/\/mnmsports.com\/fr\/wp-json\/wp\/v2\/media?parent=1464"}],"wp:term":[{"taxonomy":"product_brand","embeddable":true,"href":"https:\/\/mnmsports.com\/fr\/wp-json\/wp\/v2\/product_brand?post=1464"},{"taxonomy":"product_cat","embeddable":true,"href":"https:\/\/mnmsports.com\/fr\/wp-json\/wp\/v2\/product_cat?post=1464"},{"taxonomy":"product_tag","embeddable":true,"href":"https:\/\/mnmsports.com\/fr\/wp-json\/wp\/v2\/product_tag?post=1464"}],"curies":[{"name":"wp","href":"https:\/\/api.w.org\/{rel}","templated":true}]}}