{"id":1463,"date":"2025-03-17T06:28:45","date_gmt":"2025-03-17T10:28:45","guid":{"rendered":"https:\/\/mnmsports.com\/product\/tapis-a-patins\/"},"modified":"2025-10-08T14:44:53","modified_gmt":"2025-10-08T18:44:53","slug":"tapis-a-patins","status":"publish","type":"product","link":"https:\/\/mnmsports.com\/fr\/produit\/tapis-a-patins\/","title":{"rendered":"Tapis \u00e0 patins"},"content":{"rendered":"","protected":false},"excerpt":{"rendered":"<p>Le tapis \u00e0 patins est fabriqu\u00e9 avec une surface en polyester durable et renforc\u00e9e et dot\u00e9 d\u2019une impression r\u00e9sistante. Son dessous antid\u00e9rapant assure une stabilit\u00e9 optimale. <\/p>\n","protected":false},"featured_media":1714,"template":"","meta":[],"product_brand":[],"product_cat":[51,59,61],"product_tag":[98],"class_list":{"0":"post-1463","1":"product","2":"type-product","3":"status-publish","4":"has-post-thumbnail","6":"product_cat-accessoires","7":"product_cat-hockey-fr","8":"product_cat-ringuette","9":"product_tag-accessoires","11":"first","12":"instock","13":"sold-individually","14":"shipping-taxable","15":"purchasable","16":"product-type-simple"},"_links":{"self":[{"href":"https:\/\/mnmsports.com\/fr\/wp-json\/wp\/v2\/product\/1463","targetHints":{"allow":["GET"]}}],"collection":[{"href":"https:\/\/mnmsports.com\/fr\/wp-json\/wp\/v2\/product"}],"about":[{"href":"https:\/\/mnmsports.com\/fr\/wp-json\/wp\/v2\/types\/product"}],"wp:featuredmedia":[{"embeddable":true,"href":"https:\/\/mnmsports.com\/fr\/wp-json\/wp\/v2\/media\/1714"}],"wp:attachment":[{"href":"https:\/\/mnmsports.com\/fr\/wp-json\/wp\/v2\/media?parent=1463"}],"wp:term":[{"taxonomy":"product_brand","embeddable":true,"href":"https:\/\/mnmsports.com\/fr\/wp-json\/wp\/v2\/product_brand?post=1463"},{"taxonomy":"product_cat","embeddable":true,"href":"https:\/\/mnmsports.com\/fr\/wp-json\/wp\/v2\/product_cat?post=1463"},{"taxonomy":"product_tag","embeddable":true,"href":"https:\/\/mnmsports.com\/fr\/wp-json\/wp\/v2\/product_tag?post=1463"}],"curies":[{"name":"wp","href":"https:\/\/api.w.org\/{rel}","templated":true}]}}