{"id":1462,"date":"2025-03-17T06:28:45","date_gmt":"2025-03-17T10:28:45","guid":{"rendered":"https:\/\/mnmsports.com\/product\/sac-de-dek-avec-courroie-depaule\/"},"modified":"2025-10-08T15:00:10","modified_gmt":"2025-10-08T19:00:10","slug":"sac-de-dek-avec-courroie-depaule","status":"publish","type":"product","link":"https:\/\/mnmsports.com\/fr\/produit\/sac-de-dek-avec-courroie-depaule\/","title":{"rendered":"Sac de dek avec courroie d&rsquo;\u00e9paule"},"content":{"rendered":"","protected":false},"excerpt":{"rendered":"<p>Le sac de dek avec courroie d&rsquo;\u00e9paule est fabriqu\u00e9 en PVC imperm\u00e9able pour une durabilit\u00e9 accrue. Il est dot\u00e9 de poign\u00e9es de transport avec attache Velcro, d\u2019une courroie d&rsquo;\u00e9paule ajustable avec coutures renforc\u00e9es en X, de deux pochettes de rangement int\u00e9rieures, ainsi que d\u2019une fermeture \u00e9clair robuste pour un rangement s\u00e9curitaire. <\/p>\n","protected":false},"featured_media":1688,"template":"","meta":[],"product_brand":[],"product_cat":[58,52],"product_tag":[96],"class_list":{"0":"post-1462","1":"product","2":"type-product","3":"status-publish","4":"has-post-thumbnail","6":"product_cat-dek-fr","7":"product_cat-sacs","8":"product_tag-sacs","10":"first","11":"instock","12":"sold-individually","13":"shipping-taxable","14":"purchasable","15":"product-type-simple"},"_links":{"self":[{"href":"https:\/\/mnmsports.com\/fr\/wp-json\/wp\/v2\/product\/1462","targetHints":{"allow":["GET"]}}],"collection":[{"href":"https:\/\/mnmsports.com\/fr\/wp-json\/wp\/v2\/product"}],"about":[{"href":"https:\/\/mnmsports.com\/fr\/wp-json\/wp\/v2\/types\/product"}],"wp:featuredmedia":[{"embeddable":true,"href":"https:\/\/mnmsports.com\/fr\/wp-json\/wp\/v2\/media\/1688"}],"wp:attachment":[{"href":"https:\/\/mnmsports.com\/fr\/wp-json\/wp\/v2\/media?parent=1462"}],"wp:term":[{"taxonomy":"product_brand","embeddable":true,"href":"https:\/\/mnmsports.com\/fr\/wp-json\/wp\/v2\/product_brand?post=1462"},{"taxonomy":"product_cat","embeddable":true,"href":"https:\/\/mnmsports.com\/fr\/wp-json\/wp\/v2\/product_cat?post=1462"},{"taxonomy":"product_tag","embeddable":true,"href":"https:\/\/mnmsports.com\/fr\/wp-json\/wp\/v2\/product_tag?post=1462"}],"curies":[{"name":"wp","href":"https:\/\/api.w.org\/{rel}","templated":true}]}}