{"id":1460,"date":"2025-03-17T06:28:45","date_gmt":"2025-03-17T10:28:45","guid":{"rendered":"https:\/\/mnmsports.com\/product\/housse-a-chandail-de-hockey\/"},"modified":"2025-10-08T15:55:07","modified_gmt":"2025-10-08T19:55:07","slug":"housse-a-chandail-de-hockey","status":"publish","type":"product","link":"https:\/\/mnmsports.com\/fr\/produit\/housse-a-chandail-de-hockey\/","title":{"rendered":"Housse \u00e0 chandail de hockey"},"content":{"rendered":"","protected":false},"excerpt":{"rendered":"<p>La housse \u00e0 chandail de hockey est fabriqu\u00e9e en PVC imperm\u00e9able et dot\u00e9e d\u2019une fermeture \u00e9clair robuste pour une fermeture s\u00e9curitaire et une protection optimale.<\/p>\n","protected":false},"featured_media":1708,"template":"","meta":[],"product_brand":[],"product_cat":[52],"product_tag":[96],"class_list":{"0":"post-1460","1":"product","2":"type-product","3":"status-publish","4":"has-post-thumbnail","6":"product_cat-sacs","7":"product_tag-sacs","9":"first","10":"instock","11":"sold-individually","12":"shipping-taxable","13":"purchasable","14":"product-type-simple"},"_links":{"self":[{"href":"https:\/\/mnmsports.com\/fr\/wp-json\/wp\/v2\/product\/1460","targetHints":{"allow":["GET"]}}],"collection":[{"href":"https:\/\/mnmsports.com\/fr\/wp-json\/wp\/v2\/product"}],"about":[{"href":"https:\/\/mnmsports.com\/fr\/wp-json\/wp\/v2\/types\/product"}],"wp:featuredmedia":[{"embeddable":true,"href":"https:\/\/mnmsports.com\/fr\/wp-json\/wp\/v2\/media\/1708"}],"wp:attachment":[{"href":"https:\/\/mnmsports.com\/fr\/wp-json\/wp\/v2\/media?parent=1460"}],"wp:term":[{"taxonomy":"product_brand","embeddable":true,"href":"https:\/\/mnmsports.com\/fr\/wp-json\/wp\/v2\/product_brand?post=1460"},{"taxonomy":"product_cat","embeddable":true,"href":"https:\/\/mnmsports.com\/fr\/wp-json\/wp\/v2\/product_cat?post=1460"},{"taxonomy":"product_tag","embeddable":true,"href":"https:\/\/mnmsports.com\/fr\/wp-json\/wp\/v2\/product_tag?post=1460"}],"curies":[{"name":"wp","href":"https:\/\/api.w.org\/{rel}","templated":true}]}}