{"id":1459,"date":"2025-03-17T06:28:45","date_gmt":"2025-03-17T10:28:45","guid":{"rendered":"https:\/\/mnmsports.com\/product\/sac-de-hockey\/"},"modified":"2025-10-08T14:44:47","modified_gmt":"2025-10-08T18:44:47","slug":"sac-de-hockey","status":"publish","type":"product","link":"https:\/\/mnmsports.com\/fr\/produit\/sac-de-hockey\/","title":{"rendered":"Sac de hockey"},"content":{"rendered":"","protected":false},"excerpt":{"rendered":"<p>Le sac de hockey est fabriqu\u00e9 en PVC imperm\u00e9able pour une durabilit\u00e9 accrue. Il comprend des poign\u00e9es avec attache Velcro, des coutures renforc\u00e9es en X sur les sangles, deux pochettes int\u00e9rieures pour une meilleure organisation, ainsi qu\u2019une fermeture \u00e9clair robuste pour un rangement s\u00e9curitaire. Une courroie d&rsquo;\u00e9paule ajustable est \u00e9galement offerte en option.  <\/p>\n","protected":false},"featured_media":1692,"template":"","meta":[],"product_brand":[],"product_cat":[59,61,52],"product_tag":[96],"class_list":{"0":"post-1459","1":"product","2":"type-product","3":"status-publish","4":"has-post-thumbnail","6":"product_cat-hockey-fr","7":"product_cat-ringuette","8":"product_cat-sacs","9":"product_tag-sacs","11":"first","12":"instock","13":"sold-individually","14":"shipping-taxable","15":"purchasable","16":"product-type-simple"},"_links":{"self":[{"href":"https:\/\/mnmsports.com\/fr\/wp-json\/wp\/v2\/product\/1459","targetHints":{"allow":["GET"]}}],"collection":[{"href":"https:\/\/mnmsports.com\/fr\/wp-json\/wp\/v2\/product"}],"about":[{"href":"https:\/\/mnmsports.com\/fr\/wp-json\/wp\/v2\/types\/product"}],"wp:featuredmedia":[{"embeddable":true,"href":"https:\/\/mnmsports.com\/fr\/wp-json\/wp\/v2\/media\/1692"}],"wp:attachment":[{"href":"https:\/\/mnmsports.com\/fr\/wp-json\/wp\/v2\/media?parent=1459"}],"wp:term":[{"taxonomy":"product_brand","embeddable":true,"href":"https:\/\/mnmsports.com\/fr\/wp-json\/wp\/v2\/product_brand?post=1459"},{"taxonomy":"product_cat","embeddable":true,"href":"https:\/\/mnmsports.com\/fr\/wp-json\/wp\/v2\/product_cat?post=1459"},{"taxonomy":"product_tag","embeddable":true,"href":"https:\/\/mnmsports.com\/fr\/wp-json\/wp\/v2\/product_tag?post=1459"}],"curies":[{"name":"wp","href":"https:\/\/api.w.org\/{rel}","templated":true}]}}