{"id":1458,"date":"2025-03-17T06:28:45","date_gmt":"2025-03-17T10:28:45","guid":{"rendered":"https:\/\/mnmsports.com\/product\/sac-de-sport\/"},"modified":"2025-10-08T15:55:01","modified_gmt":"2025-10-08T19:55:01","slug":"sac-de-sport","status":"publish","type":"product","link":"https:\/\/mnmsports.com\/fr\/produit\/sac-de-sport\/","title":{"rendered":"Sac de sport"},"content":{"rendered":"","protected":false},"excerpt":{"rendered":"<p>Le sac de sport est fabriqu\u00e9 en polyester 100% durable. Il est dot\u00e9 de poign\u00e9es de transport \u00e0 chaque extr\u00e9mit\u00e9 et d\u2019une courroie d&rsquo;\u00e9paule ajustable en option. Une fermeture \u00e9clair robuste assure un rangement s\u00e9curitaire. <\/p>\n","protected":false},"featured_media":1690,"template":"","meta":[],"product_brand":[],"product_cat":[52],"product_tag":[96],"class_list":{"0":"post-1458","1":"product","2":"type-product","3":"status-publish","4":"has-post-thumbnail","6":"product_cat-sacs","7":"product_tag-sacs","9":"first","10":"instock","11":"sold-individually","12":"shipping-taxable","13":"purchasable","14":"product-type-simple"},"_links":{"self":[{"href":"https:\/\/mnmsports.com\/fr\/wp-json\/wp\/v2\/product\/1458","targetHints":{"allow":["GET"]}}],"collection":[{"href":"https:\/\/mnmsports.com\/fr\/wp-json\/wp\/v2\/product"}],"about":[{"href":"https:\/\/mnmsports.com\/fr\/wp-json\/wp\/v2\/types\/product"}],"wp:featuredmedia":[{"embeddable":true,"href":"https:\/\/mnmsports.com\/fr\/wp-json\/wp\/v2\/media\/1690"}],"wp:attachment":[{"href":"https:\/\/mnmsports.com\/fr\/wp-json\/wp\/v2\/media?parent=1458"}],"wp:term":[{"taxonomy":"product_brand","embeddable":true,"href":"https:\/\/mnmsports.com\/fr\/wp-json\/wp\/v2\/product_brand?post=1458"},{"taxonomy":"product_cat","embeddable":true,"href":"https:\/\/mnmsports.com\/fr\/wp-json\/wp\/v2\/product_cat?post=1458"},{"taxonomy":"product_tag","embeddable":true,"href":"https:\/\/mnmsports.com\/fr\/wp-json\/wp\/v2\/product_tag?post=1458"}],"curies":[{"name":"wp","href":"https:\/\/api.w.org\/{rel}","templated":true}]}}