{"id":1457,"date":"2025-03-17T06:28:45","date_gmt":"2025-03-17T10:28:45","guid":{"rendered":"https:\/\/mnmsports.com\/product\/sac-dentraineur-avec-courroie-depaule\/"},"modified":"2025-10-08T15:55:00","modified_gmt":"2025-10-08T19:55:00","slug":"sac-dentraineur-avec-courroie-depaule","status":"publish","type":"product","link":"https:\/\/mnmsports.com\/fr\/produit\/sac-dentraineur-avec-courroie-depaule\/","title":{"rendered":"Sac d&rsquo;entraineur avec courroie d&rsquo;\u00e9paule"},"content":{"rendered":"","protected":false},"excerpt":{"rendered":"<p>Le sac d&rsquo;entraineur avec courroie d&rsquo;\u00e9paule est con\u00e7u en PVC imperm\u00e9able pour une durabilit\u00e9 optimale. Il est muni de poign\u00e9es de transport avec attache Velcro, d\u2019une courroie d&rsquo;\u00e9paule ajustable avec coutures renforc\u00e9es en X, de deux pochettes int\u00e9rieures pour une meilleure organisation, ainsi que d\u2019une fermeture \u00e9clair robuste pour un rangement s\u00e9curitaire. <\/p>\n","protected":false},"featured_media":1694,"template":"","meta":[],"product_brand":[],"product_cat":[52],"product_tag":[96],"class_list":{"0":"post-1457","1":"product","2":"type-product","3":"status-publish","4":"has-post-thumbnail","6":"product_cat-sacs","7":"product_tag-sacs","9":"first","10":"instock","11":"sold-individually","12":"shipping-taxable","13":"purchasable","14":"product-type-simple"},"_links":{"self":[{"href":"https:\/\/mnmsports.com\/fr\/wp-json\/wp\/v2\/product\/1457","targetHints":{"allow":["GET"]}}],"collection":[{"href":"https:\/\/mnmsports.com\/fr\/wp-json\/wp\/v2\/product"}],"about":[{"href":"https:\/\/mnmsports.com\/fr\/wp-json\/wp\/v2\/types\/product"}],"wp:featuredmedia":[{"embeddable":true,"href":"https:\/\/mnmsports.com\/fr\/wp-json\/wp\/v2\/media\/1694"}],"wp:attachment":[{"href":"https:\/\/mnmsports.com\/fr\/wp-json\/wp\/v2\/media?parent=1457"}],"wp:term":[{"taxonomy":"product_brand","embeddable":true,"href":"https:\/\/mnmsports.com\/fr\/wp-json\/wp\/v2\/product_brand?post=1457"},{"taxonomy":"product_cat","embeddable":true,"href":"https:\/\/mnmsports.com\/fr\/wp-json\/wp\/v2\/product_cat?post=1457"},{"taxonomy":"product_tag","embeddable":true,"href":"https:\/\/mnmsports.com\/fr\/wp-json\/wp\/v2\/product_tag?post=1457"}],"curies":[{"name":"wp","href":"https:\/\/api.w.org\/{rel}","templated":true}]}}