{"id":1456,"date":"2025-03-17T06:28:46","date_gmt":"2025-03-17T10:28:46","guid":{"rendered":"https:\/\/mnmsports.com\/product\/tapis-a-patins-econo\/"},"modified":"2025-10-08T14:45:00","modified_gmt":"2025-10-08T18:45:00","slug":"tapis-a-patins-econo","status":"publish","type":"product","link":"https:\/\/mnmsports.com\/fr\/produit\/tapis-a-patins-econo\/","title":{"rendered":"Tapis \u00e0 patins Econo"},"content":{"rendered":"","protected":false},"excerpt":{"rendered":"<p>Le tapis \u00e0 patins Econo est fabriqu\u00e9 en feutre durable et dot\u00e9 d\u2019une impression r\u00e9sistante pour un usage prolong\u00e9.<\/p>\n","protected":false},"featured_media":1706,"template":"","meta":[],"product_brand":[],"product_cat":[51,59,61],"product_tag":[98],"class_list":{"0":"post-1456","1":"product","2":"type-product","3":"status-publish","4":"has-post-thumbnail","6":"product_cat-accessoires","7":"product_cat-hockey-fr","8":"product_cat-ringuette","9":"product_tag-accessoires","11":"first","12":"instock","13":"sold-individually","14":"shipping-taxable","15":"purchasable","16":"product-type-simple"},"_links":{"self":[{"href":"https:\/\/mnmsports.com\/fr\/wp-json\/wp\/v2\/product\/1456","targetHints":{"allow":["GET"]}}],"collection":[{"href":"https:\/\/mnmsports.com\/fr\/wp-json\/wp\/v2\/product"}],"about":[{"href":"https:\/\/mnmsports.com\/fr\/wp-json\/wp\/v2\/types\/product"}],"wp:featuredmedia":[{"embeddable":true,"href":"https:\/\/mnmsports.com\/fr\/wp-json\/wp\/v2\/media\/1706"}],"wp:attachment":[{"href":"https:\/\/mnmsports.com\/fr\/wp-json\/wp\/v2\/media?parent=1456"}],"wp:term":[{"taxonomy":"product_brand","embeddable":true,"href":"https:\/\/mnmsports.com\/fr\/wp-json\/wp\/v2\/product_brand?post=1456"},{"taxonomy":"product_cat","embeddable":true,"href":"https:\/\/mnmsports.com\/fr\/wp-json\/wp\/v2\/product_cat?post=1456"},{"taxonomy":"product_tag","embeddable":true,"href":"https:\/\/mnmsports.com\/fr\/wp-json\/wp\/v2\/product_tag?post=1456"}],"curies":[{"name":"wp","href":"https:\/\/api.w.org\/{rel}","templated":true}]}}