{"id":1455,"date":"2025-03-17T06:28:51","date_gmt":"2025-03-17T10:28:51","guid":{"rendered":"https:\/\/mnmsports.com\/product\/serviette-a-patin-serviette-de-sport\/"},"modified":"2026-02-23T09:59:35","modified_gmt":"2026-02-23T14:59:35","slug":"serviette-a-patin-serviette-de-sport","status":"publish","type":"product","link":"https:\/\/mnmsports.com\/fr\/produit\/serviette-a-patin-serviette-de-sport\/","title":{"rendered":"Serviette \u00e0 patin &#8211; Serviette de sport"},"content":{"rendered":"","protected":false},"excerpt":{"rendered":"<p>La serviette \u00e0 patin &#8211; serviette de sport est fabriqu\u00e9e \u00e0 100% de coton \u00e9ponge, avec une face imprim\u00e9e par sublimation. Enti\u00e8rement personnalisable pour un usage polyvalent. <\/p>\n","protected":false},"featured_media":1704,"template":"","meta":[],"product_brand":[],"product_cat":[51,59,61],"product_tag":[98],"class_list":{"0":"post-1455","1":"product","2":"type-product","3":"status-publish","4":"has-post-thumbnail","6":"product_cat-accessoires","7":"product_cat-hockey-fr","8":"product_cat-ringuette","9":"product_tag-accessoires","11":"first","12":"instock","13":"sold-individually","14":"shipping-taxable","15":"purchasable","16":"product-type-simple"},"_links":{"self":[{"href":"https:\/\/mnmsports.com\/fr\/wp-json\/wp\/v2\/product\/1455","targetHints":{"allow":["GET"]}}],"collection":[{"href":"https:\/\/mnmsports.com\/fr\/wp-json\/wp\/v2\/product"}],"about":[{"href":"https:\/\/mnmsports.com\/fr\/wp-json\/wp\/v2\/types\/product"}],"wp:featuredmedia":[{"embeddable":true,"href":"https:\/\/mnmsports.com\/fr\/wp-json\/wp\/v2\/media\/1704"}],"wp:attachment":[{"href":"https:\/\/mnmsports.com\/fr\/wp-json\/wp\/v2\/media?parent=1455"}],"wp:term":[{"taxonomy":"product_brand","embeddable":true,"href":"https:\/\/mnmsports.com\/fr\/wp-json\/wp\/v2\/product_brand?post=1455"},{"taxonomy":"product_cat","embeddable":true,"href":"https:\/\/mnmsports.com\/fr\/wp-json\/wp\/v2\/product_cat?post=1455"},{"taxonomy":"product_tag","embeddable":true,"href":"https:\/\/mnmsports.com\/fr\/wp-json\/wp\/v2\/product_tag?post=1455"}],"curies":[{"name":"wp","href":"https:\/\/api.w.org\/{rel}","templated":true}]}}