{"id":1453,"date":"2025-03-17T06:28:51","date_gmt":"2025-03-17T10:28:51","guid":{"rendered":"https:\/\/mnmsports.com\/product\/serviette-de-plage\/"},"modified":"2026-02-23T10:05:40","modified_gmt":"2026-02-23T15:05:40","slug":"serviette-de-plage","status":"publish","type":"product","link":"https:\/\/mnmsports.com\/fr\/produit\/serviette-de-plage\/","title":{"rendered":"Serviette de plage"},"content":{"rendered":"","protected":false},"excerpt":{"rendered":"<p>La serviette de plage est fabriqu\u00e9e \u00e0 100% en coton \u00e9ponge, avec une face imprim\u00e9e par sublimation. Enti\u00e8rement personnalisable, elle offre confort et style pour vos journ\u00e9es \u00e0 la plage. <\/p>\n","protected":false},"featured_media":1702,"template":"","meta":[],"product_brand":[],"product_cat":[51],"product_tag":[98],"class_list":{"0":"post-1453","1":"product","2":"type-product","3":"status-publish","4":"has-post-thumbnail","6":"product_cat-accessoires","7":"product_tag-accessoires","9":"first","10":"instock","11":"sold-individually","12":"shipping-taxable","13":"purchasable","14":"product-type-simple"},"_links":{"self":[{"href":"https:\/\/mnmsports.com\/fr\/wp-json\/wp\/v2\/product\/1453","targetHints":{"allow":["GET"]}}],"collection":[{"href":"https:\/\/mnmsports.com\/fr\/wp-json\/wp\/v2\/product"}],"about":[{"href":"https:\/\/mnmsports.com\/fr\/wp-json\/wp\/v2\/types\/product"}],"wp:featuredmedia":[{"embeddable":true,"href":"https:\/\/mnmsports.com\/fr\/wp-json\/wp\/v2\/media\/1702"}],"wp:attachment":[{"href":"https:\/\/mnmsports.com\/fr\/wp-json\/wp\/v2\/media?parent=1453"}],"wp:term":[{"taxonomy":"product_brand","embeddable":true,"href":"https:\/\/mnmsports.com\/fr\/wp-json\/wp\/v2\/product_brand?post=1453"},{"taxonomy":"product_cat","embeddable":true,"href":"https:\/\/mnmsports.com\/fr\/wp-json\/wp\/v2\/product_cat?post=1453"},{"taxonomy":"product_tag","embeddable":true,"href":"https:\/\/mnmsports.com\/fr\/wp-json\/wp\/v2\/product_tag?post=1453"}],"curies":[{"name":"wp","href":"https:\/\/api.w.org\/{rel}","templated":true}]}}