{"id":1452,"date":"2025-03-17T06:28:51","date_gmt":"2025-03-17T10:28:51","guid":{"rendered":"https:\/\/mnmsports.com\/product\/coffre-a-crayons\/"},"modified":"2025-10-08T15:55:28","modified_gmt":"2025-10-08T19:55:28","slug":"coffre-a-crayons","status":"publish","type":"product","link":"https:\/\/mnmsports.com\/fr\/produit\/coffre-a-crayons\/","title":{"rendered":"Coffre \u00e0 crayons"},"content":{"rendered":"","protected":false},"excerpt":{"rendered":"<p>Le coffre \u00e0 crayons est fabriqu\u00e9 en polyester durable avec une impression r\u00e9sistante, avec une impression des deux c\u00f4t\u00e9s pour un style accru.<\/p>\n","protected":false},"featured_media":1710,"template":"","meta":[],"product_brand":[],"product_cat":[51],"product_tag":[98],"class_list":{"0":"post-1452","1":"product","2":"type-product","3":"status-publish","4":"has-post-thumbnail","6":"product_cat-accessoires","7":"product_tag-accessoires","9":"first","10":"instock","11":"sold-individually","12":"shipping-taxable","13":"purchasable","14":"product-type-simple"},"_links":{"self":[{"href":"https:\/\/mnmsports.com\/fr\/wp-json\/wp\/v2\/product\/1452","targetHints":{"allow":["GET"]}}],"collection":[{"href":"https:\/\/mnmsports.com\/fr\/wp-json\/wp\/v2\/product"}],"about":[{"href":"https:\/\/mnmsports.com\/fr\/wp-json\/wp\/v2\/types\/product"}],"wp:featuredmedia":[{"embeddable":true,"href":"https:\/\/mnmsports.com\/fr\/wp-json\/wp\/v2\/media\/1710"}],"wp:attachment":[{"href":"https:\/\/mnmsports.com\/fr\/wp-json\/wp\/v2\/media?parent=1452"}],"wp:term":[{"taxonomy":"product_brand","embeddable":true,"href":"https:\/\/mnmsports.com\/fr\/wp-json\/wp\/v2\/product_brand?post=1452"},{"taxonomy":"product_cat","embeddable":true,"href":"https:\/\/mnmsports.com\/fr\/wp-json\/wp\/v2\/product_cat?post=1452"},{"taxonomy":"product_tag","embeddable":true,"href":"https:\/\/mnmsports.com\/fr\/wp-json\/wp\/v2\/product_tag?post=1452"}],"curies":[{"name":"wp","href":"https:\/\/api.w.org\/{rel}","templated":true}]}}